{"id":1351,"date":"2025-03-17T08:11:21","date_gmt":"2025-03-17T07:11:21","guid":{"rendered":"https:\/\/www.niklasnoack.de\/?page_id=1351"},"modified":"2026-02-28T13:18:06","modified_gmt":"2026-02-28T12:18:06","slug":"wrinkle-treatment-methods","status":"publish","type":"page","link":"https:\/\/www.niklasnoack.de\/en\/treatment\/wrinkle-treatment-methods\/","title":{"rendered":"Wrinkle treatment methods"},"content":{"rendered":"<div data-elementor-type=\"wp-page\" data-elementor-id=\"1351\" class=\"elementor elementor-1351\" data-elementor-post-type=\"page\">\n\t\t\t\t<div class=\"elementor-element elementor-element-1a919b3 e-flex e-con-boxed e-con e-parent\" data-id=\"1a919b3\" data-element_type=\"container\" data-e-type=\"container\">\n\t\t\t\t\t<div class=\"e-con-inner\">\n\t\t\t\t<div class=\"elementor-element elementor-element-3c80e1d elementor-widget__width-initial elementor-widget elementor-widget-heading\" data-id=\"3c80e1d\" data-element_type=\"widget\" data-e-type=\"widget\" data-widget_type=\"heading.default\">\n\t\t\t\t\t<h1 class=\"elementor-heading-title elementor-size-default\">Methods of wrinkle treatment\nand facial rejuvenation\n<br><span style=\"color:#000\">Overview<\/span>\n\n<\/h1>\t\t\t\t<\/div>\n\t\t<div class=\"elementor-element elementor-element-2f96620 e-con-full e-flex e-con e-child\" data-id=\"2f96620\" data-element_type=\"container\" data-e-type=\"container\">\n\t\t<div class=\"elementor-element elementor-element-073078f e-con-full e-flex e-con e-child\" data-id=\"073078f\" data-element_type=\"container\" data-e-type=\"container\">\n\t\t\t\t<div class=\"elementor-element elementor-element-6525749 elementor-widget__width-initial elementor-widget-tablet__width-initial elementor-widget-mobile__width-initial elementor-widget elementor-widget-heading\" data-id=\"6525749\" data-element_type=\"widget\" data-e-type=\"widget\" data-widget_type=\"heading.default\">\n\t\t\t\t\t<h3 class=\"elementor-heading-title elementor-size-default\">Botox, hyaluronic acid and autologous fat<\/h3>\t\t\t\t<\/div>\n\t\t\t\t<div class=\"elementor-element elementor-element-dc380f7 elementor-widget-mobile__width-auto elementor-widget-divider--view-line elementor-widget elementor-widget-divider\" data-id=\"dc380f7\" data-element_type=\"widget\" data-e-type=\"widget\" data-widget_type=\"divider.default\">\n\t\t\t\t\t\t\t<div class=\"elementor-divider\">\n\t\t\t<span class=\"elementor-divider-separator\">\n\t\t\t\t\t\t<\/span>\n\t\t<\/div>\n\t\t\t\t\t\t<\/div>\n\t\t\t\t<\/div>\n\t\t<div class=\"elementor-element elementor-element-2328793 e-con-full e-flex e-con e-child\" data-id=\"2328793\" data-element_type=\"container\" data-e-type=\"container\">\n\t\t\t\t<div class=\"elementor-element elementor-element-a2b258b elementor-widget elementor-widget-text-editor\" data-id=\"a2b258b\" data-element_type=\"widget\" data-e-type=\"widget\" data-widget_type=\"text-editor.default\">\n\t\t\t\t\t\t\t\t\t\n\nBelow you will find an overview of the methods and treatments that I can offer you in my clinic.\u00a0<a href=\"https:\/\/www.niklasnoack.de\/en\/practice-contact\/\" target=\"_blank\" rel=\"noopener\">Practice in Berlin<\/a>\u00a0for non-surgical wrinkle treatment with Botox and fillers. On our infographic you will find many helpful facts about wrinkle treatment and facial rejuvenation with Botox and hyaluronic acid.\n\n\t\t\t\t\t\t\t\t<\/div>\n\t\t\t\t<\/div>\n\t\t\t\t<\/div>\n\t\t<div class=\"elementor-element elementor-element-697f358 e-con-full e-flex e-con e-child\" data-id=\"697f358\" data-element_type=\"container\" data-e-type=\"container\">\n\t\t<div class=\"elementor-element elementor-element-d51e932 e-con-full e-flex e-con e-child\" data-id=\"d51e932\" data-element_type=\"container\" data-e-type=\"container\" data-settings=\"{&quot;background_background&quot;:&quot;classic&quot;}\">\n\t\t\t\t<div class=\"elementor-element elementor-element-9b3896c elementor-widget elementor-widget-heading\" data-id=\"9b3896c\" data-element_type=\"widget\" data-e-type=\"widget\" data-widget_type=\"heading.default\">\n\t\t\t\t\t<h2 class=\"elementor-heading-title elementor-size-default\">Botox\n<\/h2>\t\t\t\t<\/div>\n\t\t\t\t<div class=\"elementor-element elementor-element-c251391 elementor-widget elementor-widget-text-editor\" data-id=\"c251391\" data-element_type=\"widget\" data-e-type=\"widget\" data-widget_type=\"text-editor.default\">\n\t\t\t\t\t\t\t\t\t<p>The well-known term \"Botox\" is actually a short form for the active ingredient botulinum toxin.<\/p>\t\t\t\t\t\t\t\t<\/div>\n\t\t\t\t<div class=\"elementor-element elementor-element-881b403 elementor-widget elementor-widget-text-editor\" data-id=\"881b403\" data-element_type=\"widget\" data-e-type=\"widget\" data-widget_type=\"text-editor.default\">\n\t\t\t\t\t\t\t\t\t\n\nThe active ingredient is a metabolic product of the bacterial strain \"Clostridium Botulinum\". It is actually a neurotoxin that can even be fatal in excessive doses. In wrinkle treatment, however, only minimal quantities are required, which are absolutely harmless. When used professionally, botulinum toxin interrupts the transmission of impulses to the muscle. This weakening of the muscle makes the face appear smoother and more relaxed in the treated areas, and the wrinkles in the treated areas are less deep.\n\n\t\t\t\t\t\t\t\t<\/div>\n\t\t\t\t<div class=\"elementor-element elementor-element-ee66e56 elementor-widget elementor-widget-button\" data-id=\"ee66e56\" data-element_type=\"widget\" data-e-type=\"widget\" data-widget_type=\"button.default\">\n\t\t\t\t\t\t\t\t\t\t<a class=\"elementor-button elementor-button-link elementor-size-sm\" href=\"https:\/\/www.niklasnoack.de\/en\/treatment\/head-neck-area\/botox-wrinkle-treatment\/\">\n\t\t\t\t\t\t<span class=\"elementor-button-content-wrapper\">\n\t\t\t\t\t\t\t\t\t<span class=\"elementor-button-text\">Learn more<\/span>\n\t\t\t\t\t<\/span>\n\t\t\t\t\t<\/a>\n\t\t\t\t\t\t\t\t<\/div>\n\t\t\t\t<\/div>\n\t\t<div class=\"elementor-element elementor-element-4f03bfa e-con-full e-flex e-con e-child\" data-id=\"4f03bfa\" data-element_type=\"container\" data-e-type=\"container\" data-settings=\"{&quot;background_background&quot;:&quot;classic&quot;}\">\n\t\t\t\t<div class=\"elementor-element elementor-element-afcb442 elementor-widget elementor-widget-heading\" data-id=\"afcb442\" data-element_type=\"widget\" data-e-type=\"widget\" data-widget_type=\"heading.default\">\n\t\t\t\t\t<h2 class=\"elementor-heading-title elementor-size-default\">Hyaluronic acid\n<\/h2>\t\t\t\t<\/div>\n\t\t\t\t<div class=\"elementor-element elementor-element-99c9a2f elementor-widget elementor-widget-text-editor\" data-id=\"99c9a2f\" data-element_type=\"widget\" data-e-type=\"widget\" data-widget_type=\"text-editor.default\">\n\t\t\t\t\t\t\t\t\t\n\nHyaluronic acid is a highly water-binding sugar structure (glycosaminoglycan) that stimulates collagen formation in the human body and gives the skin elasticity. It is produced artificially without animal testing or animal ingredients. The acid is also a popular ingredient in skin creams. In the body, hyaluronic acid is found, for example, as a component of synovial fluid (\"synovia\") and the vitreous humour in the eye. The most commonly used filler at present is so-called \"cross-linked hyaluronic acid\". It is now used even more frequently than collagen, as it is particularly well tolerated by the skin and no allergy test is required before use.\n\n\t\t\t\t\t\t\t\t<\/div>\n\t\t\t\t<div class=\"elementor-element elementor-element-cc7a58f elementor-widget elementor-widget-button\" data-id=\"cc7a58f\" data-element_type=\"widget\" data-e-type=\"widget\" data-widget_type=\"button.default\">\n\t\t\t\t\t\t\t\t\t\t<a class=\"elementor-button elementor-button-link elementor-size-sm\" href=\"https:\/\/www.niklasnoack.de\/en\/treatment\/head-neck-area\/wrinkle-and-volume-treatment-with-fillers\/\">\n\t\t\t\t\t\t<span class=\"elementor-button-content-wrapper\">\n\t\t\t\t\t\t\t\t\t<span class=\"elementor-button-text\">Learn more<\/span>\n\t\t\t\t\t<\/span>\n\t\t\t\t\t<\/a>\n\t\t\t\t\t\t\t\t<\/div>\n\t\t\t\t<\/div>\n\t\t<div class=\"elementor-element elementor-element-93bacb6 e-con-full e-flex e-con e-child\" data-id=\"93bacb6\" data-element_type=\"container\" data-e-type=\"container\" data-settings=\"{&quot;background_background&quot;:&quot;classic&quot;}\">\n\t\t\t\t<div class=\"elementor-element elementor-element-f528bb1 elementor-widget elementor-widget-heading\" data-id=\"f528bb1\" data-element_type=\"widget\" data-e-type=\"widget\" data-widget_type=\"heading.default\">\n\t\t\t\t\t<h2 class=\"elementor-heading-title elementor-size-default\">Autologous fat<\/h2>\t\t\t\t<\/div>\n\t\t\t\t<div class=\"elementor-element elementor-element-831cd9c elementor-widget elementor-widget-text-editor\" data-id=\"831cd9c\" data-element_type=\"widget\" data-e-type=\"widget\" data-widget_type=\"text-editor.default\">\n\t\t\t\t\t\t\t\t\t\n\nThis method uses the body's own fat, which is harvested under local or general anaesthetic in a similar way to liposuction. During liposuction, the fat is extracted from areas with excess fat, processed and then injected into the corresponding area of the face. Only small amounts are required for the facial area. Unfortunately, the removal sites do not \"benefit\" much from the removed fat. The injection must be repeated once or twice at intervals of a few weeks or months to achieve the desired result, as some (30-40%) of the autologous fat is broken down again by the body.\n\n\t\t\t\t\t\t\t\t<\/div>\n\t\t\t\t<div class=\"elementor-element elementor-element-3870ab2 elementor-widget elementor-widget-button\" data-id=\"3870ab2\" data-element_type=\"widget\" data-e-type=\"widget\" data-widget_type=\"button.default\">\n\t\t\t\t\t\t\t\t\t\t<a class=\"elementor-button elementor-button-link elementor-size-sm\" href=\"https:\/\/www.niklasnoack.de\/en\/treatment\/head-neck-area\/wrinkle-and-volume-treatment-with-fillers\/#545\">\n\t\t\t\t\t\t<span class=\"elementor-button-content-wrapper\">\n\t\t\t\t\t\t\t\t\t<span class=\"elementor-button-text\">Learn more<\/span>\n\t\t\t\t\t<\/span>\n\t\t\t\t\t<\/a>\n\t\t\t\t\t\t\t\t<\/div>\n\t\t\t\t<\/div>\n\t\t\t\t<\/div>\n\t\t\t\t<div class=\"elementor-element elementor-element-8cced68 elementor-widget__width-inherit elementor-widget elementor-widget-image\" data-id=\"8cced68\" data-element_type=\"widget\" data-e-type=\"widget\" data-widget_type=\"image.default\">\n\t\t\t\t\t\t\t\t\t\t\t\t\t\t\t\t<a href=\"https:\/\/www.niklasnoack.de\/wp-content\/uploads\/2025\/05\/infografik_hyluaronsaeure-botox-faltenbehandlung.pdf\">\n\t\t\t\t\t\t\t<img fetchpriority=\"high\" decoding=\"async\" width=\"1640\" height=\"1159\" src=\"https:\/\/www.niklasnoack.de\/wp-content\/uploads\/2025\/03\/csm_infografik_hyluaronsaeure-botox-faltenbehandlung_19cf56b392.png\" class=\"attachment-full size-full wp-image-1361\" alt=\"\" srcset=\"https:\/\/www.niklasnoack.de\/wp-content\/uploads\/2025\/03\/csm_infografik_hyluaronsaeure-botox-faltenbehandlung_19cf56b392.png 1640w, https:\/\/www.niklasnoack.de\/wp-content\/uploads\/2025\/03\/csm_infografik_hyluaronsaeure-botox-faltenbehandlung_19cf56b392-300x212.png 300w, https:\/\/www.niklasnoack.de\/wp-content\/uploads\/2025\/03\/csm_infografik_hyluaronsaeure-botox-faltenbehandlung_19cf56b392-1024x724.png 1024w, https:\/\/www.niklasnoack.de\/wp-content\/uploads\/2025\/03\/csm_infografik_hyluaronsaeure-botox-faltenbehandlung_19cf56b392-768x543.png 768w, https:\/\/www.niklasnoack.de\/wp-content\/uploads\/2025\/03\/csm_infografik_hyluaronsaeure-botox-faltenbehandlung_19cf56b392-1536x1086.png 1536w\" sizes=\"(max-width: 1640px) 100vw, 1640px\" \/>\t\t\t\t\t\t\t\t<\/a>\n\t\t\t\t\t\t\t\t\t\t\t\t\t\t\t<\/div>\n\t\t\t\t<div class=\"elementor-element elementor-element-730676e elementor-widget elementor-widget-heading\" data-id=\"730676e\" data-element_type=\"widget\" data-e-type=\"widget\" data-widget_type=\"heading.default\">\n\t\t\t\t\t<p class=\"elementor-heading-title elementor-size-default\">Infographic wrinkle treatment with Botox and hyaluronic acid (PDF)<\/p>\t\t\t\t<\/div>\n\t\t\t\t\t<\/div>\n\t\t\t\t<\/div>\n\t\t<div class=\"elementor-element elementor-element-b01b294 e-flex e-con-boxed e-con e-parent\" data-id=\"b01b294\" data-element_type=\"container\" data-e-type=\"container\" id=\"c329\" data-settings=\"{&quot;background_background&quot;:&quot;classic&quot;}\">\n\t\t\t\t\t<div class=\"e-con-inner\">\n\t\t\t\t<div class=\"elementor-element elementor-element-3a288c7 elementor-widget__width-inherit elementor-widget elementor-widget-heading\" data-id=\"3a288c7\" data-element_type=\"widget\" data-e-type=\"widget\" data-widget_type=\"heading.default\">\n\t\t\t\t\t<h2 class=\"elementor-heading-title elementor-size-default\">The MD-Codes technique<\/h2>\t\t\t\t<\/div>\n\t\t<div class=\"elementor-element elementor-element-cfc6e1c e-con-full e-flex e-con e-child\" data-id=\"cfc6e1c\" data-element_type=\"container\" data-e-type=\"container\">\n\t\t\t\t<div class=\"elementor-element elementor-element-3e5c49c elementor-widget__width-auto elementor-widget-mobile__width-initial elementor-widget elementor-widget-heading\" data-id=\"3e5c49c\" data-element_type=\"widget\" data-e-type=\"widget\" data-widget_type=\"heading.default\">\n\t\t\t\t\t<h3 class=\"elementor-heading-title elementor-size-default\">Hyaluronic acid and Botox applied by a specialist<\/h3>\t\t\t\t<\/div>\n\t\t\t\t<div class=\"elementor-element elementor-element-470aac3 elementor-widget__width-initial elementor-widget-tablet__width-initial elementor-widget-mobile__width-initial elementor-widget-divider--view-line elementor-widget elementor-widget-divider\" data-id=\"470aac3\" data-element_type=\"widget\" data-e-type=\"widget\" data-widget_type=\"divider.default\">\n\t\t\t\t\t\t\t<div class=\"elementor-divider\">\n\t\t\t<span class=\"elementor-divider-separator\">\n\t\t\t\t\t\t<\/span>\n\t\t<\/div>\n\t\t\t\t\t\t<\/div>\n\t\t\t\t<\/div>\n\t\t<div class=\"elementor-element elementor-element-e441ee6 e-con-full e-flex e-con e-child\" data-id=\"e441ee6\" data-element_type=\"container\" data-e-type=\"container\">\n\t\t<div class=\"elementor-element elementor-element-e95051d e-con-full e-flex e-con e-child\" data-id=\"e95051d\" data-element_type=\"container\" data-e-type=\"container\">\n\t\t\t\t<div class=\"elementor-element elementor-element-34e1345 elementor-widget elementor-widget-text-editor\" data-id=\"34e1345\" data-element_type=\"widget\" data-e-type=\"widget\" data-widget_type=\"text-editor.default\">\n\t\t\t\t\t\t\t\t\t\n\n<strong>M<\/strong>e<strong>D<\/strong>ical or MD codes are a series of pre-defined areas on the face that have been precisely worked out over the years, where Dr Noack injects dermal fillers (hyaluronic acid) and Botox to achieve optimal, natural results. The technique was developed by Dr Mauricio de Maio, a world-renowned plastic surgeon from Sao Paulo, Brazil. In recent years, this has permanently changed the way we use hyaluronic acid fillers and Botox in aesthetic medicine.\n\n\t\t\t\t\t\t\t\t<\/div>\n\t\t\t\t<div class=\"elementor-element elementor-element-fe03cda elementor-widget elementor-widget-text-editor\" data-id=\"fe03cda\" data-element_type=\"widget\" data-e-type=\"widget\" data-widget_type=\"text-editor.default\">\n\t\t\t\t\t\t\t\t\t\n\nDr Noack has extensive experience in the use of high quality specialist injectables and routinely uses Dr de Maio's MD codes in her treatments.\n\n\t\t\t\t\t\t\t\t<\/div>\n\t\t\t\t<\/div>\n\t\t<div class=\"elementor-element elementor-element-6c3b46b e-con-full e-flex e-con e-child\" data-id=\"6c3b46b\" data-element_type=\"container\" data-e-type=\"container\">\n\t\t\t\t<div class=\"elementor-element elementor-element-0d5be33 elementor-widget elementor-widget-text-editor\" data-id=\"0d5be33\" data-element_type=\"widget\" data-e-type=\"widget\" data-widget_type=\"text-editor.default\">\n\t\t\t\t\t\t\t\t\t\n\nThe MD codes cover the entire face. More specifically, they refer to injection sites on the cheeks, temples, around the eyes, chin, jaw, forehead and lips. There are over 75 different MD codes for the face, making filler and Botox therapies a very precise, refined and, above all, natural-looking treatment\n\n\t\t\t\t\t\t\t\t<\/div>\n\t\t\t\t<div class=\"elementor-element elementor-element-a2f5003 elementor-widget elementor-widget-text-editor\" data-id=\"a2f5003\" data-element_type=\"widget\" data-e-type=\"widget\" data-widget_type=\"text-editor.default\">\n\t\t\t\t\t\t\t\t\t<div id=\"c239\" class=\"card cstm-bg-lightgray cstm-card-default\"><div class=\"card-body\"><div class=\"card-body-inner\"><div class=\"col col-12 col-md-6 col-xl-4\"><div id=\"c331\" class=\"\"><p>Dr Noack has received regular further training from Dr de Maio himself over many years.<\/p><\/div><\/div><\/div><\/div><\/div>\t\t\t\t\t\t\t\t<\/div>\n\t\t\t\t<\/div>\n\t\t<div class=\"elementor-element elementor-element-6de201f e-con-full e-flex e-con e-child\" data-id=\"6de201f\" data-element_type=\"container\" data-e-type=\"container\">\n\t\t\t\t<div class=\"elementor-element elementor-element-2081a9a elementor-widget elementor-widget-image-gallery\" data-id=\"2081a9a\" data-element_type=\"widget\" data-e-type=\"widget\" data-widget_type=\"image-gallery.default\">\n\t\t\t\t\t\t\t<div class=\"elementor-image-gallery\">\n\t\t\t<div id='gallery-1' class='gallery galleryid-1351 gallery-columns-1 gallery-size-full'><figure class='gallery-item'>\n\t\t\t<div class='gallery-icon landscape'>\n\t\t\t\t<a data-elementor-open-lightbox=\"yes\" data-elementor-lightbox-slideshow=\"2081a9a\" data-e-action-hash=\"#elementor-action%3Aaction%3Dlightbox%26settings%3DeyJpZCI6MTc4MywidXJsIjoiaHR0cHM6XC9cL3d3dy5uaWtsYXNub2Fjay5kZVwvd3AtY29udGVudFwvdXBsb2Fkc1wvMjAyNVwvMDNcL2NzbV9Ob2Fjay1kZU1haW9fYzk3ZDNlMTFkNi5qcGciLCJzbGlkZXNob3ciOiIyMDgxYTlhIn0%3D\" href='https:\/\/www.niklasnoack.de\/wp-content\/uploads\/2025\/03\/csm_Noack-deMaio_c97d3e11d6.jpg'><img decoding=\"async\" width=\"1024\" height=\"681\" src=\"https:\/\/www.niklasnoack.de\/wp-content\/uploads\/2025\/03\/csm_Noack-deMaio_c97d3e11d6.jpg\" class=\"attachment-full size-full\" alt=\"\" aria-describedby=\"gallery-1-1783\" srcset=\"https:\/\/www.niklasnoack.de\/wp-content\/uploads\/2025\/03\/csm_Noack-deMaio_c97d3e11d6.jpg 1024w, https:\/\/www.niklasnoack.de\/wp-content\/uploads\/2025\/03\/csm_Noack-deMaio_c97d3e11d6-300x200.jpg 300w, https:\/\/www.niklasnoack.de\/wp-content\/uploads\/2025\/03\/csm_Noack-deMaio_c97d3e11d6-768x511.jpg 768w\" sizes=\"(max-width: 1024px) 100vw, 1024px\" \/><\/a>\n\t\t\t<\/div>\n\t\t\t\t<figcaption class='wp-caption-text gallery-caption' id='gallery-1-1783'>\n\t\t\t\tDr Noack with Dr Maurizio de Maio\n\t\t\t\t<\/figcaption><\/figure>\n\t\t<\/div>\n\t\t<\/div>\n\t\t\t\t\t\t<\/div>\n\t\t\t\t<\/div>\n\t\t\t\t<\/div>\n\t\t\t\t\t<\/div>\n\t\t\t\t<\/div>\n\t\t<div class=\"elementor-element elementor-element-eb4ae8f e-con-full e-flex e-con e-parent\" data-id=\"eb4ae8f\" data-element_type=\"container\" data-e-type=\"container\">\n\t\t\t\t<div class=\"elementor-element elementor-element-e8ab77e elementor-widget elementor-widget-template\" data-id=\"e8ab77e\" data-element_type=\"widget\" data-e-type=\"widget\" data-widget_type=\"template.default\">\n\t\t\t\t<div class=\"elementor-widget-container\">\n\t\t\t\t\t\t\t<div class=\"elementor-template\">\n\t\t\t\t\t<div data-elementor-type=\"container\" data-elementor-id=\"409\" class=\"elementor elementor-409\" data-elementor-post-type=\"elementor_library\">\n\t\t\t\t<div class=\"elementor-element elementor-element-52b5a82 e-con-full e-flex e-con e-parent\" data-id=\"52b5a82\" data-element_type=\"container\" data-e-type=\"container\" data-settings=\"{&quot;background_background&quot;:&quot;classic&quot;,&quot;shape_divider_bottom&quot;:&quot;tilt&quot;}\">\n\t\t\t\t<div class=\"elementor-shape elementor-shape-bottom\" aria-hidden=\"true\" data-negative=\"false\">\n\t\t\t<svg xmlns=\"http:\/\/www.w3.org\/2000\/svg\" viewbox=\"0 0 1000 100\" preserveaspectratio=\"none\">\n\t<path class=\"elementor-shape-fill\" d=\"M0,6V0h1000v100L0,6z\"\/>\n<\/svg>\t\t<\/div>\n\t\t<div class=\"elementor-element elementor-element-2f8aafa e-con-full e-flex e-con e-child\" data-id=\"2f8aafa\" data-element_type=\"container\" data-e-type=\"container\">\n\t\t\t\t<div class=\"elementor-element elementor-element-34f4649 elementor-widget elementor-widget-heading\" data-id=\"34f4649\" data-element_type=\"widget\" data-e-type=\"widget\" data-widget_type=\"heading.default\">\n\t\t\t\t\t<h2 class=\"elementor-heading-title elementor-size-default\">Do you have any questions?<\/h2>\t\t\t\t<\/div>\n\t\t\t\t<div class=\"elementor-element elementor-element-925caf1 elementor-widget elementor-widget-heading\" data-id=\"925caf1\" data-element_type=\"widget\" data-e-type=\"widget\" data-widget_type=\"heading.default\">\n\t\t\t\t\t<p class=\"elementor-heading-title elementor-size-default\">I look forward to hearing from you.<\/p>\t\t\t\t<\/div>\n\t\t\t\t<\/div>\n\t\t<div class=\"elementor-element elementor-element-020a854 e-flex e-con-boxed e-con e-child\" data-id=\"020a854\" data-element_type=\"container\" data-e-type=\"container\">\n\t\t\t\t\t<div class=\"e-con-inner\">\n\t\t\t\t<div class=\"elementor-element elementor-element-fc409ad elementor-widget elementor-widget-button\" data-id=\"fc409ad\" data-element_type=\"widget\" data-e-type=\"widget\" data-widget_type=\"button.default\">\n\t\t\t\t\t\t\t\t\t\t<a class=\"elementor-button elementor-button-link elementor-size-sm\" href=\"tel:+493027875656\">\n\t\t\t\t\t\t<span class=\"elementor-button-content-wrapper\">\n\t\t\t\t\t\t\t\t\t<span class=\"elementor-button-text\">T. +49 (0)30 - 27 87 56 56<\/span>\n\t\t\t\t\t<\/span>\n\t\t\t\t\t<\/a>\n\t\t\t\t\t\t\t\t<\/div>\n\t\t\t\t<div class=\"elementor-element elementor-element-f730b41 elementor-widget elementor-widget-button\" data-id=\"f730b41\" data-element_type=\"widget\" data-e-type=\"widget\" data-widget_type=\"button.default\">\n\t\t\t\t\t\t\t\t\t\t<a class=\"elementor-button elementor-button-link elementor-size-sm\" href=\"https:\/\/www.niklasnoack.de\/en\/practice-contact\/#c111\">\n\t\t\t\t\t\t<span class=\"elementor-button-content-wrapper\">\n\t\t\t\t\t\t\t\t\t<span class=\"elementor-button-text\">Write a message<\/span>\n\t\t\t\t\t<\/span>\n\t\t\t\t\t<\/a>\n\t\t\t\t\t\t\t\t<\/div>\n\t\t\t\t\t<\/div>\n\t\t\t\t<\/div>\n\t\t\t\t<\/div>\n\t\t\t\t<\/div>\n\t\t\t\t<\/div>\n\t\t\t\t\t\t<\/div>\n\t\t\t\t<\/div>\n\t\t\t\t<div class=\"elementor-element elementor-element-af57535 elementor-widget elementor-widget-template\" data-id=\"af57535\" data-element_type=\"widget\" data-e-type=\"widget\" data-widget_type=\"template.default\">\n\t\t\t\t<div class=\"elementor-widget-container\">\n\t\t\t\t\t\t\t<div class=\"elementor-template\">\n\t\t\t\t\t<div data-elementor-type=\"container\" data-elementor-id=\"412\" class=\"elementor elementor-412\" data-elementor-post-type=\"elementor_library\">\n\t\t\t\t<div class=\"elementor-element elementor-element-d1af50a e-flex e-con-boxed e-con e-parent\" data-id=\"d1af50a\" data-element_type=\"container\" data-e-type=\"container\" data-settings=\"{&quot;background_background&quot;:&quot;classic&quot;}\">\n\t\t\t\t\t<div class=\"e-con-inner\">\n\t\t\t\t<div class=\"elementor-element elementor-element-37aed7cd elementor-widget__width-initial elementor-widget-mobile__width-inherit elementor-widget elementor-widget-heading\" data-id=\"37aed7cd\" data-element_type=\"widget\" data-e-type=\"widget\" data-widget_type=\"heading.default\">\n\t\t\t\t\t<h4 class=\"elementor-heading-title elementor-size-default\"><a href=\"https:\/\/www.niklasnoack.de\/en\/dr-med-niklas-noack\/#c148\">Memberships\n<\/a><\/h4>\t\t\t\t<\/div>\n\t\t\t\t<div class=\"elementor-element elementor-element-570c28d0 elementor-widget__width-initial elementor-widget elementor-widget-image\" data-id=\"570c28d0\" data-element_type=\"widget\" data-e-type=\"widget\" data-widget_type=\"image.default\">\n\t\t\t\t\t\t\t\t\t\t\t\t\t\t\t<img decoding=\"async\" width=\"80\" height=\"80\" src=\"https:\/\/www.niklasnoack.de\/wp-content\/uploads\/2025\/03\/logo-DGPRAEC.png\" class=\"attachment-large size-large wp-image-305\" alt=\"DGPRAEC logo\" \/>\t\t\t\t\t\t\t\t\t\t\t\t\t\t\t<\/div>\n\t\t\t\t<div class=\"elementor-element elementor-element-62ffd4e1 elementor-widget__width-initial elementor-widget elementor-widget-image\" data-id=\"62ffd4e1\" data-element_type=\"widget\" data-e-type=\"widget\" data-widget_type=\"image.default\">\n\t\t\t\t\t\t\t\t\t\t\t\t\t\t\t<img loading=\"lazy\" decoding=\"async\" width=\"114\" height=\"80\" src=\"https:\/\/www.niklasnoack.de\/wp-content\/uploads\/2025\/03\/logo-ISAPS-2017.png\" class=\"attachment-large size-large wp-image-304\" alt=\"Logo ISAPS\" \/>\t\t\t\t\t\t\t\t\t\t\t\t\t\t\t<\/div>\n\t\t\t\t<div class=\"elementor-element elementor-element-29e21f0d elementor-widget__width-initial elementor-widget elementor-widget-image\" data-id=\"29e21f0d\" data-element_type=\"widget\" data-e-type=\"widget\" data-widget_type=\"image.default\">\n\t\t\t\t\t\t\t\t\t\t\t\t\t\t\t<img loading=\"lazy\" decoding=\"async\" width=\"38\" height=\"80\" src=\"https:\/\/www.niklasnoack.de\/wp-content\/uploads\/2025\/03\/logo-interplast.png\" class=\"attachment-large size-large wp-image-303\" alt=\"Logo Interplast\" \/>\t\t\t\t\t\t\t\t\t\t\t\t\t\t\t<\/div>\n\t\t\t\t<div class=\"elementor-element elementor-element-f66c6a9 elementor-widget__width-initial elementor-widget elementor-widget-image\" data-id=\"f66c6a9\" data-element_type=\"widget\" data-e-type=\"widget\" data-widget_type=\"image.default\">\n\t\t\t\t\t\t\t\t\t\t\t\t\t\t\t<img loading=\"lazy\" decoding=\"async\" width=\"57\" height=\"80\" src=\"https:\/\/www.niklasnoack.de\/wp-content\/uploads\/2025\/03\/logo-dgv.png\" class=\"attachment-large size-large wp-image-302\" alt=\"DGV logo\" \/>\t\t\t\t\t\t\t\t\t\t\t\t\t\t\t<\/div>\n\t\t\t\t\t<\/div>\n\t\t\t\t<\/div>\n\t\t\t\t<\/div>\n\t\t\t\t<\/div>\n\t\t\t\t\t\t<\/div>\n\t\t\t\t<\/div>\n\t\t\t\t<\/div>\n\t\t\t\t<\/div>","protected":false},"excerpt":{"rendered":"<p>Methoden der Faltenbehandlung und Gesichtsverj\u00fcngung \u00dcbersicht Botox, Hyalurons\u00e4ure und Eigenfett Im Folgenden finden Sie eine \u00dcbersicht \u00fcber die Methoden und Behandlungen, die ich Ihnen in meiner\u00a0Praxis in Berlin\u00a0zur nichtoperativen Faltenbehandlung mit Botox und Fillern anbieten kann. Auf unserer\u00a0Infografik\u00a0finden Sie viele hilfreiche Fakten zum Thema Faltenbehandlung und Gesichtsverj\u00fcngung mit Botox und Hyalurons\u00e4ure. Botox Der in der [&hellip;]<\/p>\n","protected":false},"author":2,"featured_media":0,"parent":383,"menu_order":0,"comment_status":"closed","ping_status":"closed","template":"elementor_header_footer","meta":{"footnotes":""},"class_list":["post-1351","page","type-page","status-publish","hentry"],"_links":{"self":[{"href":"https:\/\/www.niklasnoack.de\/en\/wp-json\/wp\/v2\/pages\/1351","targetHints":{"allow":["GET"]}}],"collection":[{"href":"https:\/\/www.niklasnoack.de\/en\/wp-json\/wp\/v2\/pages"}],"about":[{"href":"https:\/\/www.niklasnoack.de\/en\/wp-json\/wp\/v2\/types\/page"}],"author":[{"embeddable":true,"href":"https:\/\/www.niklasnoack.de\/en\/wp-json\/wp\/v2\/users\/2"}],"replies":[{"embeddable":true,"href":"https:\/\/www.niklasnoack.de\/en\/wp-json\/wp\/v2\/comments?post=1351"}],"version-history":[{"count":3,"href":"https:\/\/www.niklasnoack.de\/en\/wp-json\/wp\/v2\/pages\/1351\/revisions"}],"predecessor-version":[{"id":7796,"href":"https:\/\/www.niklasnoack.de\/en\/wp-json\/wp\/v2\/pages\/1351\/revisions\/7796"}],"up":[{"embeddable":true,"href":"https:\/\/www.niklasnoack.de\/en\/wp-json\/wp\/v2\/pages\/383"}],"wp:attachment":[{"href":"https:\/\/www.niklasnoack.de\/en\/wp-json\/wp\/v2\/media?parent=1351"}],"curies":[{"name":"wp","href":"https:\/\/api.w.org\/{rel}","templated":true}]}}