{"id":1592,"date":"2025-03-17T21:58:19","date_gmt":"2025-03-17T20:58:19","guid":{"rendered":"https:\/\/www.niklasnoack.de\/?page_id=1592"},"modified":"2025-07-09T14:41:43","modified_gmt":"2025-07-09T12:41:43","slug":"sweat-gland-removal","status":"publish","type":"page","link":"https:\/\/www.niklasnoack.de\/en\/treatment\/upper-body\/sweat-gland-removal\/","title":{"rendered":"Sweat gland removal"},"content":{"rendered":"<div data-elementor-type=\"wp-page\" data-elementor-id=\"1592\" class=\"elementor elementor-1592\" data-elementor-post-type=\"page\">\n\t\t\t\t<div class=\"elementor-element elementor-element-4a2da59 e-flex e-con-boxed e-con e-parent\" data-id=\"4a2da59\" data-element_type=\"container\" data-e-type=\"container\">\n\t\t\t\t\t<div class=\"e-con-inner\">\n\t\t<div class=\"elementor-element elementor-element-48d78b0 e-con-full e-flex e-con e-child\" data-id=\"48d78b0\" data-element_type=\"container\" data-e-type=\"container\">\n\t\t\t\t<div class=\"elementor-element elementor-element-b0f3656 elementor-widget__width-initial elementor-widget elementor-widget-heading\" data-id=\"b0f3656\" data-element_type=\"widget\" data-e-type=\"widget\" data-widget_type=\"heading.default\">\n\t\t\t\t\t<h1 class=\"elementor-heading-title elementor-size-default\">Sweat gland removal\n\n<\/h1>\t\t\t\t<\/div>\n\t\t\t\t<div class=\"elementor-element elementor-element-8f0b034 elementor-widget elementor-widget-text-editor\" data-id=\"8f0b034\" data-element_type=\"widget\" data-e-type=\"widget\" data-widget_type=\"text-editor.default\">\n\t\t\t\t\t\t\t\t\t<div class=\"col cstm-col-left cstm-col-content\"><div id=\"c182\" class=\"\"><div class=\"col cstm-col-left cstm-col-content\"><div id=\"c214\" class=\"\"><div class=\"col cstm-col-left cstm-col-content\"><div id=\"c218\" class=\"\"><p class=\"lead\">Two methods can be used to alleviate excessive sweating in the armpit area: On the one hand\u00a0<a href=\"https:\/\/www.niklasnoack.de\/en\/treatment\/head-neck-area\/botox-wrinkle-treatment\/\">Botox<\/a> a temporary option for reducing perspiration. The product, which is otherwise used to treat wrinkles, is injected directly into the armpit skin. The average duration of effect is 6 months. On the other hand, suction of the sweat glands can lead to a permanent reduction in sweat production. The technique is similar to the procedure used for liposuction.<\/p><\/div><\/div><\/div><\/div><\/div><\/div>\t\t\t\t\t\t\t\t<\/div>\n\t\t\t\t<\/div>\n\t\t<div class=\"elementor-element elementor-element-f0de5d3 e-con-full e-flex e-con e-child\" data-id=\"f0de5d3\" data-element_type=\"container\" data-e-type=\"container\" data-settings=\"{&quot;background_background&quot;:&quot;classic&quot;}\">\n\t\t\t\t<div class=\"elementor-element elementor-element-23d2dc2 elementor-widget__width-inherit elementor-widget elementor-widget-template\" data-id=\"23d2dc2\" data-element_type=\"widget\" data-e-type=\"widget\" data-widget_type=\"template.default\">\n\t\t\t\t<div class=\"elementor-widget-container\">\n\t\t\t\t\t\t\t<div class=\"elementor-template\">\n\t\t\t\t\t<div data-elementor-type=\"container\" data-elementor-id=\"1523\" class=\"elementor elementor-1523\" data-elementor-post-type=\"elementor_library\">\n\t\t\t\t<div class=\"elementor-element elementor-element-681dcbfe e-con-full e-flex e-con e-child\" data-id=\"681dcbfe\" data-element_type=\"container\" data-e-type=\"container\" data-settings=\"{&quot;background_background&quot;:&quot;classic&quot;}\">\n\t\t\t\t<div class=\"elementor-element elementor-element-78884bb elementor-widget-mobile__width-initial elementor-widget__width-initial elementor-widget elementor-widget-heading\" data-id=\"78884bb\" data-element_type=\"widget\" data-e-type=\"widget\" data-widget_type=\"heading.default\">\n\t\t\t\t\t<h2 class=\"elementor-heading-title elementor-size-default\">Treatments<br>\nUpper body<\/h2>\t\t\t\t<\/div>\n\t\t\t\t<div class=\"elementor-element elementor-element-707a1337 elementor-widget elementor-widget-image\" data-id=\"707a1337\" data-element_type=\"widget\" data-e-type=\"widget\" data-widget_type=\"image.default\">\n\t\t\t\t\t\t\t\t\t\t\t\t\t\t\t<img fetchpriority=\"high\" decoding=\"async\" width=\"260\" height=\"260\" src=\"https:\/\/www.niklasnoack.de\/wp-content\/uploads\/2025\/03\/csm_behandlungen-oberkoerper_a8f065c85d.jpg\" class=\"attachment-large size-large wp-image-1525\" alt=\"\" srcset=\"https:\/\/www.niklasnoack.de\/wp-content\/uploads\/2025\/03\/csm_behandlungen-oberkoerper_a8f065c85d.jpg 260w, https:\/\/www.niklasnoack.de\/wp-content\/uploads\/2025\/03\/csm_behandlungen-oberkoerper_a8f065c85d-150x150.jpg 150w\" sizes=\"(max-width: 260px) 100vw, 260px\" \/>\t\t\t\t\t\t\t\t\t\t\t\t\t\t\t<\/div>\n\t\t\t\t<div class=\"elementor-element elementor-element-77b64e44 sidebar-menu hyphens elementor-nav-menu--dropdown-none elementor-widget-tablet__width-initial elementor-widget elementor-widget-nav-menu\" data-id=\"77b64e44\" data-element_type=\"widget\" data-e-type=\"widget\" data-settings=\"{&quot;layout&quot;:&quot;vertical&quot;,&quot;submenu_icon&quot;:{&quot;value&quot;:&quot;&lt;svg aria-hidden=\\&quot;true\\&quot; class=\\&quot;e-font-icon-svg e-fas-caret-down\\&quot; viewBox=\\&quot;0 0 320 512\\&quot; xmlns=\\&quot;http:\\\/\\\/www.w3.org\\\/2000\\\/svg\\&quot;&gt;&lt;path d=\\&quot;M31.3 192h257.3c17.8 0 26.7 21.5 14.1 34.1L174.1 354.8c-7.8 7.8-20.5 7.8-28.3 0L17.2 226.1C4.6 213.5 13.5 192 31.3 192z\\&quot;&gt;&lt;\\\/path&gt;&lt;\\\/svg&gt;&quot;,&quot;library&quot;:&quot;fa-solid&quot;}}\" data-widget_type=\"nav-menu.default\">\n\t\t\t\t\t\t\t\t<nav aria-label=\"Menu\" class=\"elementor-nav-menu--main elementor-nav-menu__container elementor-nav-menu--layout-vertical e--pointer-underline e--animation-fade\">\n\t\t\t\t<ul id=\"menu-1-77b64e44\" class=\"elementor-nav-menu sm-vertical\"><li class=\"menu-item menu-item-type-post_type menu-item-object-page menu-item-1522\"><a href=\"https:\/\/www.niklasnoack.de\/en\/treatment\/upper-body\/upper-arm-lift\/\" class=\"elementor-item\">Upper arm lift<\/a><\/li>\n<li class=\"menu-item menu-item-type-post_type menu-item-object-page menu-item-1539\"><a href=\"https:\/\/www.niklasnoack.de\/en\/treatment\/upper-body\/tummy-tuck\/\" class=\"elementor-item\">Tummy tuck<\/a><\/li>\n<li class=\"menu-item menu-item-type-post_type menu-item-object-page menu-item-1636\"><a href=\"https:\/\/www.niklasnoack.de\/en\/treatment\/upper-body\/breast-augmentation\/\" class=\"elementor-item\">Breast augmentation<\/a><\/li>\n<li class=\"menu-item menu-item-type-post_type menu-item-object-page menu-item-3731\"><a href=\"https:\/\/www.niklasnoack.de\/en\/treatment\/upper-body\/breast-augmentation\/breast-surgery-with-autologous-fat\/\" class=\"elementor-item\">Breast augmentation with autologous fat<\/a><\/li>\n<li class=\"menu-item menu-item-type-post_type menu-item-object-page menu-item-3730\"><a href=\"https:\/\/www.niklasnoack.de\/en\/treatment\/upper-body\/breast-augmentation\/b-lite-implants\/\" class=\"elementor-item\">B-Lite\u00ae implants<\/a><\/li>\n<li class=\"menu-item menu-item-type-post_type menu-item-object-page menu-item-1552\"><a href=\"https:\/\/www.niklasnoack.de\/en\/treatment\/upper-body\/breast-reduction\/\" class=\"elementor-item\">Breast reduction<\/a><\/li>\n<li class=\"menu-item menu-item-type-post_type menu-item-object-page menu-item-1569\"><a href=\"https:\/\/www.niklasnoack.de\/en\/treatment\/upper-body\/breast-lift\/\" class=\"elementor-item\">Breast lift<\/a><\/li>\n<li class=\"menu-item menu-item-type-post_type menu-item-object-page menu-item-3732\"><a href=\"https:\/\/www.niklasnoack.de\/en\/treatment\/upper-body\/breast-lift\/galaflex\/\" class=\"elementor-item\">Breast lift with GalaFLEX\u2122<\/a><\/li>\n<li class=\"menu-item menu-item-type-post_type menu-item-object-page menu-item-1602\"><a href=\"https:\/\/www.niklasnoack.de\/en\/treatment\/upper-body\/breast-correction-for-men\/\" class=\"elementor-item\">Breast correction for men<\/a><\/li>\n<li class=\"menu-item menu-item-type-post_type menu-item-object-page menu-item-1601\"><a href=\"https:\/\/www.niklasnoack.de\/en\/treatment\/upper-body\/scar-correction\/\" class=\"elementor-item\">Scar correction<\/a><\/li>\n<li class=\"menu-item menu-item-type-post_type menu-item-object-page menu-item-1600\"><a href=\"https:\/\/www.niklasnoack.de\/en\/treatment\/upper-body\/sweat-gland-removal\/\" class=\"elementor-item\">Sweat gland removal<\/a><\/li>\n<\/ul>\t\t\t<\/nav>\n\t\t\t\t\t\t<nav class=\"elementor-nav-menu--dropdown elementor-nav-menu__container\" aria-hidden=\"true\">\n\t\t\t\t<ul id=\"menu-2-77b64e44\" class=\"elementor-nav-menu sm-vertical\"><li class=\"menu-item menu-item-type-post_type menu-item-object-page menu-item-1522\"><a href=\"https:\/\/www.niklasnoack.de\/en\/treatment\/upper-body\/upper-arm-lift\/\" class=\"elementor-item\" tabindex=\"-1\">Upper arm lift<\/a><\/li>\n<li class=\"menu-item menu-item-type-post_type menu-item-object-page menu-item-1539\"><a href=\"https:\/\/www.niklasnoack.de\/en\/treatment\/upper-body\/tummy-tuck\/\" class=\"elementor-item\" tabindex=\"-1\">Tummy tuck<\/a><\/li>\n<li class=\"menu-item menu-item-type-post_type menu-item-object-page menu-item-1636\"><a href=\"https:\/\/www.niklasnoack.de\/en\/treatment\/upper-body\/breast-augmentation\/\" class=\"elementor-item\" tabindex=\"-1\">Breast augmentation<\/a><\/li>\n<li class=\"menu-item menu-item-type-post_type menu-item-object-page menu-item-3731\"><a href=\"https:\/\/www.niklasnoack.de\/en\/treatment\/upper-body\/breast-augmentation\/breast-surgery-with-autologous-fat\/\" class=\"elementor-item\" tabindex=\"-1\">Breast augmentation with autologous fat<\/a><\/li>\n<li class=\"menu-item menu-item-type-post_type menu-item-object-page menu-item-3730\"><a href=\"https:\/\/www.niklasnoack.de\/en\/treatment\/upper-body\/breast-augmentation\/b-lite-implants\/\" class=\"elementor-item\" tabindex=\"-1\">B-Lite\u00ae implants<\/a><\/li>\n<li class=\"menu-item menu-item-type-post_type menu-item-object-page menu-item-1552\"><a href=\"https:\/\/www.niklasnoack.de\/en\/treatment\/upper-body\/breast-reduction\/\" class=\"elementor-item\" tabindex=\"-1\">Breast reduction<\/a><\/li>\n<li class=\"menu-item menu-item-type-post_type menu-item-object-page menu-item-1569\"><a href=\"https:\/\/www.niklasnoack.de\/en\/treatment\/upper-body\/breast-lift\/\" class=\"elementor-item\" tabindex=\"-1\">Breast lift<\/a><\/li>\n<li class=\"menu-item menu-item-type-post_type menu-item-object-page menu-item-3732\"><a href=\"https:\/\/www.niklasnoack.de\/en\/treatment\/upper-body\/breast-lift\/galaflex\/\" class=\"elementor-item\" tabindex=\"-1\">Breast lift with GalaFLEX\u2122<\/a><\/li>\n<li class=\"menu-item menu-item-type-post_type menu-item-object-page menu-item-1602\"><a href=\"https:\/\/www.niklasnoack.de\/en\/treatment\/upper-body\/breast-correction-for-men\/\" class=\"elementor-item\" tabindex=\"-1\">Breast correction for men<\/a><\/li>\n<li class=\"menu-item menu-item-type-post_type menu-item-object-page menu-item-1601\"><a href=\"https:\/\/www.niklasnoack.de\/en\/treatment\/upper-body\/scar-correction\/\" class=\"elementor-item\" tabindex=\"-1\">Scar correction<\/a><\/li>\n<li class=\"menu-item menu-item-type-post_type menu-item-object-page menu-item-1600\"><a href=\"https:\/\/www.niklasnoack.de\/en\/treatment\/upper-body\/sweat-gland-removal\/\" class=\"elementor-item\" tabindex=\"-1\">Sweat gland removal<\/a><\/li>\n<\/ul>\t\t\t<\/nav>\n\t\t\t\t\t\t<\/div>\n\t\t\t\t<\/div>\n\t\t\t\t<\/div>\n\t\t\t\t<\/div>\n\t\t\t\t\t\t<\/div>\n\t\t\t\t<\/div>\n\t\t\t\t<\/div>\n\t\t\t\t\t<\/div>\n\t\t\t\t<\/div>\n\t\t<div class=\"elementor-element elementor-element-e544c37 e-con-full e-flex e-con e-parent\" data-id=\"e544c37\" data-element_type=\"container\" data-e-type=\"container\">\n\t\t\t\t<div class=\"elementor-element elementor-element-4075452 elementor-widget elementor-widget-template\" data-id=\"4075452\" data-element_type=\"widget\" data-e-type=\"widget\" data-widget_type=\"template.default\">\n\t\t\t\t<div class=\"elementor-widget-container\">\n\t\t\t\t\t\t\t<div class=\"elementor-template\">\n\t\t\t\t\t<div data-elementor-type=\"container\" data-elementor-id=\"409\" class=\"elementor elementor-409\" data-elementor-post-type=\"elementor_library\">\n\t\t\t\t<div class=\"elementor-element elementor-element-52b5a82 e-con-full e-flex e-con e-parent\" data-id=\"52b5a82\" data-element_type=\"container\" data-e-type=\"container\" data-settings=\"{&quot;background_background&quot;:&quot;classic&quot;,&quot;shape_divider_bottom&quot;:&quot;tilt&quot;}\">\n\t\t\t\t<div class=\"elementor-shape elementor-shape-bottom\" aria-hidden=\"true\" data-negative=\"false\">\n\t\t\t<svg xmlns=\"http:\/\/www.w3.org\/2000\/svg\" viewbox=\"0 0 1000 100\" preserveaspectratio=\"none\">\n\t<path class=\"elementor-shape-fill\" d=\"M0,6V0h1000v100L0,6z\"\/>\n<\/svg>\t\t<\/div>\n\t\t<div class=\"elementor-element elementor-element-2f8aafa e-con-full e-flex e-con e-child\" data-id=\"2f8aafa\" data-element_type=\"container\" data-e-type=\"container\">\n\t\t\t\t<div class=\"elementor-element elementor-element-34f4649 elementor-widget elementor-widget-heading\" data-id=\"34f4649\" data-element_type=\"widget\" data-e-type=\"widget\" data-widget_type=\"heading.default\">\n\t\t\t\t\t<h2 class=\"elementor-heading-title elementor-size-default\">Do you have any questions?<\/h2>\t\t\t\t<\/div>\n\t\t\t\t<div class=\"elementor-element elementor-element-925caf1 elementor-widget elementor-widget-heading\" data-id=\"925caf1\" data-element_type=\"widget\" data-e-type=\"widget\" data-widget_type=\"heading.default\">\n\t\t\t\t\t<p class=\"elementor-heading-title elementor-size-default\">I look forward to hearing from you.<\/p>\t\t\t\t<\/div>\n\t\t\t\t<\/div>\n\t\t<div class=\"elementor-element elementor-element-020a854 e-flex e-con-boxed e-con e-child\" data-id=\"020a854\" data-element_type=\"container\" data-e-type=\"container\">\n\t\t\t\t\t<div class=\"e-con-inner\">\n\t\t\t\t<div class=\"elementor-element elementor-element-fc409ad elementor-widget elementor-widget-button\" data-id=\"fc409ad\" data-element_type=\"widget\" data-e-type=\"widget\" data-widget_type=\"button.default\">\n\t\t\t\t\t\t\t\t\t\t<a class=\"elementor-button elementor-button-link elementor-size-sm\" href=\"tel:+493027875656\">\n\t\t\t\t\t\t<span class=\"elementor-button-content-wrapper\">\n\t\t\t\t\t\t\t\t\t<span class=\"elementor-button-text\">T. +49 (0)30 - 27 87 56 56<\/span>\n\t\t\t\t\t<\/span>\n\t\t\t\t\t<\/a>\n\t\t\t\t\t\t\t\t<\/div>\n\t\t\t\t<div class=\"elementor-element elementor-element-f730b41 elementor-widget elementor-widget-button\" data-id=\"f730b41\" data-element_type=\"widget\" data-e-type=\"widget\" data-widget_type=\"button.default\">\n\t\t\t\t\t\t\t\t\t\t<a class=\"elementor-button elementor-button-link elementor-size-sm\" href=\"https:\/\/www.niklasnoack.de\/en\/practice-contact\/#c111\">\n\t\t\t\t\t\t<span class=\"elementor-button-content-wrapper\">\n\t\t\t\t\t\t\t\t\t<span class=\"elementor-button-text\">Write a message<\/span>\n\t\t\t\t\t<\/span>\n\t\t\t\t\t<\/a>\n\t\t\t\t\t\t\t\t<\/div>\n\t\t\t\t\t<\/div>\n\t\t\t\t<\/div>\n\t\t\t\t<\/div>\n\t\t\t\t<\/div>\n\t\t\t\t<\/div>\n\t\t\t\t\t\t<\/div>\n\t\t\t\t<\/div>\n\t\t\t\t<div class=\"elementor-element elementor-element-543745e elementor-widget elementor-widget-template\" data-id=\"543745e\" data-element_type=\"widget\" data-e-type=\"widget\" data-widget_type=\"template.default\">\n\t\t\t\t<div class=\"elementor-widget-container\">\n\t\t\t\t\t\t\t<div class=\"elementor-template\">\n\t\t\t\t\t<div data-elementor-type=\"container\" data-elementor-id=\"412\" class=\"elementor elementor-412\" data-elementor-post-type=\"elementor_library\">\n\t\t\t\t<div class=\"elementor-element elementor-element-d1af50a e-flex e-con-boxed e-con e-parent\" data-id=\"d1af50a\" data-element_type=\"container\" data-e-type=\"container\" data-settings=\"{&quot;background_background&quot;:&quot;classic&quot;}\">\n\t\t\t\t\t<div class=\"e-con-inner\">\n\t\t\t\t<div class=\"elementor-element elementor-element-37aed7cd elementor-widget__width-initial elementor-widget-mobile__width-inherit elementor-widget elementor-widget-heading\" data-id=\"37aed7cd\" data-element_type=\"widget\" data-e-type=\"widget\" data-widget_type=\"heading.default\">\n\t\t\t\t\t<h4 class=\"elementor-heading-title elementor-size-default\"><a href=\"https:\/\/www.niklasnoack.de\/en\/dr-med-niklas-noack\/#c148\">Memberships\n<\/a><\/h4>\t\t\t\t<\/div>\n\t\t\t\t<div class=\"elementor-element elementor-element-570c28d0 elementor-widget__width-initial elementor-widget elementor-widget-image\" data-id=\"570c28d0\" data-element_type=\"widget\" data-e-type=\"widget\" data-widget_type=\"image.default\">\n\t\t\t\t\t\t\t\t\t\t\t\t\t\t\t<img decoding=\"async\" width=\"80\" height=\"80\" src=\"https:\/\/www.niklasnoack.de\/wp-content\/uploads\/2025\/03\/logo-DGPRAEC.png\" class=\"attachment-large size-large wp-image-305\" alt=\"DGPRAEC logo\" \/>\t\t\t\t\t\t\t\t\t\t\t\t\t\t\t<\/div>\n\t\t\t\t<div class=\"elementor-element elementor-element-62ffd4e1 elementor-widget__width-initial elementor-widget elementor-widget-image\" data-id=\"62ffd4e1\" data-element_type=\"widget\" data-e-type=\"widget\" data-widget_type=\"image.default\">\n\t\t\t\t\t\t\t\t\t\t\t\t\t\t\t<img decoding=\"async\" width=\"114\" height=\"80\" src=\"https:\/\/www.niklasnoack.de\/wp-content\/uploads\/2025\/03\/logo-ISAPS-2017.png\" class=\"attachment-large size-large wp-image-304\" alt=\"Logo ISAPS\" \/>\t\t\t\t\t\t\t\t\t\t\t\t\t\t\t<\/div>\n\t\t\t\t<div class=\"elementor-element elementor-element-29e21f0d elementor-widget__width-initial elementor-widget elementor-widget-image\" data-id=\"29e21f0d\" data-element_type=\"widget\" data-e-type=\"widget\" data-widget_type=\"image.default\">\n\t\t\t\t\t\t\t\t\t\t\t\t\t\t\t<img loading=\"lazy\" decoding=\"async\" width=\"38\" height=\"80\" src=\"https:\/\/www.niklasnoack.de\/wp-content\/uploads\/2025\/03\/logo-interplast.png\" class=\"attachment-large size-large wp-image-303\" alt=\"Logo Interplast\" \/>\t\t\t\t\t\t\t\t\t\t\t\t\t\t\t<\/div>\n\t\t\t\t<div class=\"elementor-element elementor-element-f66c6a9 elementor-widget__width-initial elementor-widget elementor-widget-image\" data-id=\"f66c6a9\" data-element_type=\"widget\" data-e-type=\"widget\" data-widget_type=\"image.default\">\n\t\t\t\t\t\t\t\t\t\t\t\t\t\t\t<img loading=\"lazy\" decoding=\"async\" width=\"57\" height=\"80\" src=\"https:\/\/www.niklasnoack.de\/wp-content\/uploads\/2025\/03\/logo-dgv.png\" class=\"attachment-large size-large wp-image-302\" alt=\"DGV logo\" \/>\t\t\t\t\t\t\t\t\t\t\t\t\t\t\t<\/div>\n\t\t\t\t\t<\/div>\n\t\t\t\t<\/div>\n\t\t\t\t<\/div>\n\t\t\t\t<\/div>\n\t\t\t\t\t\t<\/div>\n\t\t\t\t<\/div>\n\t\t\t\t<\/div>\n\t\t\t\t<\/div>","protected":false},"excerpt":{"rendered":"<p>Schwei\u00dfdr\u00fcsenentfernung Bei \u00fcberm\u00e4\u00dfigem Schwitzen im Bereich der Achselh\u00f6hle k\u00f6nnen zweierlei Methoden zur Linderung eingesetzt werden: Zum einen bietet\u00a0Botox eine -zeitlich begrenzte- M\u00f6glichkeit der Schwei\u00dfreduktion. Hierf\u00fcr wird das Mittel, das sonst zur Faltenbehandlung eingesetzt wird, direkt in die Achselhaut gespritzt. Die Wirkdauer betr\u00e4gt im Mittel 6 Monate. Zum anderen kann eine Absaugung der Schwei\u00dfdr\u00fcsen zu einer [&hellip;]<\/p>\n","protected":false},"author":2,"featured_media":0,"parent":1957,"menu_order":0,"comment_status":"closed","ping_status":"closed","template":"elementor_header_footer","meta":{"footnotes":""},"class_list":["post-1592","page","type-page","status-publish","hentry"],"_links":{"self":[{"href":"https:\/\/www.niklasnoack.de\/en\/wp-json\/wp\/v2\/pages\/1592","targetHints":{"allow":["GET"]}}],"collection":[{"href":"https:\/\/www.niklasnoack.de\/en\/wp-json\/wp\/v2\/pages"}],"about":[{"href":"https:\/\/www.niklasnoack.de\/en\/wp-json\/wp\/v2\/types\/page"}],"author":[{"embeddable":true,"href":"https:\/\/www.niklasnoack.de\/en\/wp-json\/wp\/v2\/users\/2"}],"replies":[{"embeddable":true,"href":"https:\/\/www.niklasnoack.de\/en\/wp-json\/wp\/v2\/comments?post=1592"}],"version-history":[{"count":1,"href":"https:\/\/www.niklasnoack.de\/en\/wp-json\/wp\/v2\/pages\/1592\/revisions"}],"predecessor-version":[{"id":7780,"href":"https:\/\/www.niklasnoack.de\/en\/wp-json\/wp\/v2\/pages\/1592\/revisions\/7780"}],"up":[{"embeddable":true,"href":"https:\/\/www.niklasnoack.de\/en\/wp-json\/wp\/v2\/pages\/1957"}],"wp:attachment":[{"href":"https:\/\/www.niklasnoack.de\/en\/wp-json\/wp\/v2\/media?parent=1592"}],"curies":[{"name":"wp","href":"https:\/\/api.w.org\/{rel}","templated":true}]}}