{"id":1686,"date":"2025-03-18T02:46:31","date_gmt":"2025-03-18T01:46:31","guid":{"rendered":"https:\/\/www.niklasnoack.de\/?page_id=1686"},"modified":"2025-07-09T14:48:27","modified_gmt":"2025-07-09T12:48:27","slug":"scar-correction","status":"publish","type":"page","link":"https:\/\/www.niklasnoack.de\/en\/treatment\/lower-body\/scar-correction\/","title":{"rendered":"Scar correction"},"content":{"rendered":"<div data-elementor-type=\"wp-page\" data-elementor-id=\"1686\" class=\"elementor elementor-1686\" data-elementor-post-type=\"page\">\n\t\t\t\t<div class=\"elementor-element elementor-element-4a2da59 e-flex e-con-boxed e-con e-parent\" data-id=\"4a2da59\" data-element_type=\"container\" data-e-type=\"container\">\n\t\t\t\t\t<div class=\"e-con-inner\">\n\t\t<div class=\"elementor-element elementor-element-48d78b0 e-con-full e-flex e-con e-child\" data-id=\"48d78b0\" data-element_type=\"container\" data-e-type=\"container\">\n\t\t\t\t<div class=\"elementor-element elementor-element-b0f3656 elementor-widget__width-initial elementor-widget elementor-widget-heading\" data-id=\"b0f3656\" data-element_type=\"widget\" data-e-type=\"widget\" data-widget_type=\"heading.default\">\n\t\t\t\t\t<h1 class=\"elementor-heading-title elementor-size-default\">Scar correction\n<\/h1>\t\t\t\t<\/div>\n\t\t\t\t<div class=\"elementor-element elementor-element-8f0b034 elementor-widget elementor-widget-text-editor\" data-id=\"8f0b034\" data-element_type=\"widget\" data-e-type=\"widget\" data-widget_type=\"text-editor.default\">\n\t\t\t\t\t\t\t\t\tScars can develop in different ways. There is no standard treatment, which is why a detailed assessment of the respective scar is necessary. The range of treatment options extends from special plasters to injections of certain medications, scar massages and surgical scar correction, all of which should be carefully considered. In some cases, health insurance companies will reimburse the costs of such a procedure.<\/p>\n\n\t\t\t\t\t\t\t\t<\/div>\n\t\t\t\t<\/div>\n\t\t<div class=\"elementor-element elementor-element-f0de5d3 e-con-full e-flex e-con e-child\" data-id=\"f0de5d3\" data-element_type=\"container\" data-e-type=\"container\" data-settings=\"{&quot;background_background&quot;:&quot;classic&quot;}\">\n\t\t\t\t<div class=\"elementor-element elementor-element-23d2dc2 elementor-widget__width-inherit elementor-widget elementor-widget-template\" data-id=\"23d2dc2\" data-element_type=\"widget\" data-e-type=\"widget\" data-widget_type=\"template.default\">\n\t\t\t\t<div class=\"elementor-widget-container\">\n\t\t\t\t\t\t\t<div class=\"elementor-template\">\n\t\t\t\t\t<div data-elementor-type=\"container\" data-elementor-id=\"1646\" class=\"elementor elementor-1646\" data-elementor-post-type=\"elementor_library\">\n\t\t\t\t<div class=\"elementor-element elementor-element-681dcbfe e-con-full e-flex e-con e-child\" data-id=\"681dcbfe\" data-element_type=\"container\" data-e-type=\"container\" data-settings=\"{&quot;background_background&quot;:&quot;classic&quot;}\">\n\t\t\t\t<div class=\"elementor-element elementor-element-78884bb elementor-widget-mobile__width-initial elementor-widget__width-initial elementor-widget elementor-widget-heading\" data-id=\"78884bb\" data-element_type=\"widget\" data-e-type=\"widget\" data-widget_type=\"heading.default\">\n\t\t\t\t\t<h2 class=\"elementor-heading-title elementor-size-default\">Treatments\nLower body<\/h2>\t\t\t\t<\/div>\n\t\t\t\t<div class=\"elementor-element elementor-element-707a1337 elementor-widget elementor-widget-image\" data-id=\"707a1337\" data-element_type=\"widget\" data-e-type=\"widget\" data-widget_type=\"image.default\">\n\t\t\t\t\t\t\t\t\t\t\t\t\t\t\t<img fetchpriority=\"high\" decoding=\"async\" width=\"260\" height=\"260\" src=\"https:\/\/www.niklasnoack.de\/wp-content\/uploads\/2025\/03\/csm_behandlungen-unterkoerper_69f5deaea8.jpg\" class=\"attachment-large size-large wp-image-1648\" alt=\"Dr Niklas Noack\" srcset=\"https:\/\/www.niklasnoack.de\/wp-content\/uploads\/2025\/03\/csm_behandlungen-unterkoerper_69f5deaea8.jpg 260w, https:\/\/www.niklasnoack.de\/wp-content\/uploads\/2025\/03\/csm_behandlungen-unterkoerper_69f5deaea8-150x150.jpg 150w\" sizes=\"(max-width: 260px) 100vw, 260px\" \/>\t\t\t\t\t\t\t\t\t\t\t\t\t\t\t<\/div>\n\t\t\t\t<div class=\"elementor-element elementor-element-77b64e44 sidebar-menu hyphens elementor-nav-menu--dropdown-none elementor-widget-tablet__width-initial elementor-widget elementor-widget-nav-menu\" data-id=\"77b64e44\" data-element_type=\"widget\" data-e-type=\"widget\" data-settings=\"{&quot;layout&quot;:&quot;vertical&quot;,&quot;submenu_icon&quot;:{&quot;value&quot;:&quot;&lt;svg aria-hidden=\\&quot;true\\&quot; class=\\&quot;e-font-icon-svg e-fas-caret-down\\&quot; viewBox=\\&quot;0 0 320 512\\&quot; xmlns=\\&quot;http:\\\/\\\/www.w3.org\\\/2000\\\/svg\\&quot;&gt;&lt;path d=\\&quot;M31.3 192h257.3c17.8 0 26.7 21.5 14.1 34.1L174.1 354.8c-7.8 7.8-20.5 7.8-28.3 0L17.2 226.1C4.6 213.5 13.5 192 31.3 192z\\&quot;&gt;&lt;\\\/path&gt;&lt;\\\/svg&gt;&quot;,&quot;library&quot;:&quot;fa-solid&quot;}}\" data-widget_type=\"nav-menu.default\">\n\t\t\t\t\t\t\t\t<nav aria-label=\"Menu\" class=\"elementor-nav-menu--main elementor-nav-menu__container elementor-nav-menu--layout-vertical e--pointer-underline e--animation-fade\">\n\t\t\t\t<ul id=\"menu-1-77b64e44\" class=\"elementor-nav-menu sm-vertical\"><li class=\"menu-item menu-item-type-post_type menu-item-object-page menu-item-1645\"><a href=\"https:\/\/www.niklasnoack.de\/en\/treatment\/lower-body\/liposuction\/\" class=\"elementor-item\">Liposuction<\/a><\/li>\n<li class=\"menu-item menu-item-type-post_type menu-item-object-page menu-item-1708\"><a href=\"https:\/\/www.niklasnoack.de\/en\/treatment\/lower-body\/health-improvement\/\" class=\"elementor-item\">Buttock augmentation<\/a><\/li>\n<li class=\"menu-item menu-item-type-post_type menu-item-object-page menu-item-1707\"><a href=\"https:\/\/www.niklasnoack.de\/en\/treatment\/lower-body\/body-lift\/\" class=\"elementor-item\">Buttock lift<\/a><\/li>\n<li class=\"menu-item menu-item-type-post_type menu-item-object-page menu-item-1705\"><a href=\"https:\/\/www.niklasnoack.de\/en\/treatment\/lower-body\/thigh-lift\/\" class=\"elementor-item\">Thigh lift<\/a><\/li>\n<li class=\"menu-item menu-item-type-post_type menu-item-object-page menu-item-1706\"><a href=\"https:\/\/www.niklasnoack.de\/en\/treatment\/lower-body\/scar-correction\/\" class=\"elementor-item\">Scar correction<\/a><\/li>\n<\/ul>\t\t\t<\/nav>\n\t\t\t\t\t\t<nav class=\"elementor-nav-menu--dropdown elementor-nav-menu__container\" aria-hidden=\"true\">\n\t\t\t\t<ul id=\"menu-2-77b64e44\" class=\"elementor-nav-menu sm-vertical\"><li class=\"menu-item menu-item-type-post_type menu-item-object-page menu-item-1645\"><a href=\"https:\/\/www.niklasnoack.de\/en\/treatment\/lower-body\/liposuction\/\" class=\"elementor-item\" tabindex=\"-1\">Liposuction<\/a><\/li>\n<li class=\"menu-item menu-item-type-post_type menu-item-object-page menu-item-1708\"><a href=\"https:\/\/www.niklasnoack.de\/en\/treatment\/lower-body\/health-improvement\/\" class=\"elementor-item\" tabindex=\"-1\">Buttock augmentation<\/a><\/li>\n<li class=\"menu-item menu-item-type-post_type menu-item-object-page menu-item-1707\"><a href=\"https:\/\/www.niklasnoack.de\/en\/treatment\/lower-body\/body-lift\/\" class=\"elementor-item\" tabindex=\"-1\">Buttock lift<\/a><\/li>\n<li class=\"menu-item menu-item-type-post_type menu-item-object-page menu-item-1705\"><a href=\"https:\/\/www.niklasnoack.de\/en\/treatment\/lower-body\/thigh-lift\/\" class=\"elementor-item\" tabindex=\"-1\">Thigh lift<\/a><\/li>\n<li class=\"menu-item menu-item-type-post_type menu-item-object-page menu-item-1706\"><a href=\"https:\/\/www.niklasnoack.de\/en\/treatment\/lower-body\/scar-correction\/\" class=\"elementor-item\" tabindex=\"-1\">Scar correction<\/a><\/li>\n<\/ul>\t\t\t<\/nav>\n\t\t\t\t\t\t<\/div>\n\t\t\t\t<\/div>\n\t\t\t\t<\/div>\n\t\t\t\t<\/div>\n\t\t\t\t\t\t<\/div>\n\t\t\t\t<\/div>\n\t\t\t\t<\/div>\n\t\t\t\t\t<\/div>\n\t\t\t\t<\/div>\n\t\t<div class=\"elementor-element elementor-element-ea980ab e-con-full e-flex e-con e-parent\" data-id=\"ea980ab\" data-element_type=\"container\" data-e-type=\"container\">\n\t\t\t\t<div class=\"elementor-element elementor-element-20a464a elementor-widget elementor-widget-template\" data-id=\"20a464a\" data-element_type=\"widget\" data-e-type=\"widget\" data-widget_type=\"template.default\">\n\t\t\t\t<div class=\"elementor-widget-container\">\n\t\t\t\t\t\t\t<div class=\"elementor-template\">\n\t\t\t\t\t<div data-elementor-type=\"container\" data-elementor-id=\"409\" class=\"elementor elementor-409\" data-elementor-post-type=\"elementor_library\">\n\t\t\t\t<div class=\"elementor-element elementor-element-52b5a82 e-con-full e-flex e-con e-parent\" data-id=\"52b5a82\" data-element_type=\"container\" data-e-type=\"container\" data-settings=\"{&quot;background_background&quot;:&quot;classic&quot;,&quot;shape_divider_bottom&quot;:&quot;tilt&quot;}\">\n\t\t\t\t<div class=\"elementor-shape elementor-shape-bottom\" aria-hidden=\"true\" data-negative=\"false\">\n\t\t\t<svg xmlns=\"http:\/\/www.w3.org\/2000\/svg\" viewbox=\"0 0 1000 100\" preserveaspectratio=\"none\">\n\t<path class=\"elementor-shape-fill\" d=\"M0,6V0h1000v100L0,6z\"\/>\n<\/svg>\t\t<\/div>\n\t\t<div class=\"elementor-element elementor-element-2f8aafa e-con-full e-flex e-con e-child\" data-id=\"2f8aafa\" data-element_type=\"container\" data-e-type=\"container\">\n\t\t\t\t<div class=\"elementor-element elementor-element-34f4649 elementor-widget elementor-widget-heading\" data-id=\"34f4649\" data-element_type=\"widget\" data-e-type=\"widget\" data-widget_type=\"heading.default\">\n\t\t\t\t\t<h2 class=\"elementor-heading-title elementor-size-default\">Do you have any questions?<\/h2>\t\t\t\t<\/div>\n\t\t\t\t<div class=\"elementor-element elementor-element-925caf1 elementor-widget elementor-widget-heading\" data-id=\"925caf1\" data-element_type=\"widget\" data-e-type=\"widget\" data-widget_type=\"heading.default\">\n\t\t\t\t\t<p class=\"elementor-heading-title elementor-size-default\">I look forward to hearing from you.<\/p>\t\t\t\t<\/div>\n\t\t\t\t<\/div>\n\t\t<div class=\"elementor-element elementor-element-020a854 e-flex e-con-boxed e-con e-child\" data-id=\"020a854\" data-element_type=\"container\" data-e-type=\"container\">\n\t\t\t\t\t<div class=\"e-con-inner\">\n\t\t\t\t<div class=\"elementor-element elementor-element-fc409ad elementor-widget elementor-widget-button\" data-id=\"fc409ad\" data-element_type=\"widget\" data-e-type=\"widget\" data-widget_type=\"button.default\">\n\t\t\t\t\t\t\t\t\t\t<a class=\"elementor-button elementor-button-link elementor-size-sm\" href=\"tel:+493027875656\">\n\t\t\t\t\t\t<span class=\"elementor-button-content-wrapper\">\n\t\t\t\t\t\t\t\t\t<span class=\"elementor-button-text\">T. +49 (0)30 - 27 87 56 56<\/span>\n\t\t\t\t\t<\/span>\n\t\t\t\t\t<\/a>\n\t\t\t\t\t\t\t\t<\/div>\n\t\t\t\t<div class=\"elementor-element elementor-element-f730b41 elementor-widget elementor-widget-button\" data-id=\"f730b41\" data-element_type=\"widget\" data-e-type=\"widget\" data-widget_type=\"button.default\">\n\t\t\t\t\t\t\t\t\t\t<a class=\"elementor-button elementor-button-link elementor-size-sm\" href=\"https:\/\/www.niklasnoack.de\/en\/practice-contact\/#c111\">\n\t\t\t\t\t\t<span class=\"elementor-button-content-wrapper\">\n\t\t\t\t\t\t\t\t\t<span class=\"elementor-button-text\">Write a message<\/span>\n\t\t\t\t\t<\/span>\n\t\t\t\t\t<\/a>\n\t\t\t\t\t\t\t\t<\/div>\n\t\t\t\t\t<\/div>\n\t\t\t\t<\/div>\n\t\t\t\t<\/div>\n\t\t\t\t<\/div>\n\t\t\t\t<\/div>\n\t\t\t\t\t\t<\/div>\n\t\t\t\t<\/div>\n\t\t\t\t<div class=\"elementor-element elementor-element-cd675a0 elementor-widget elementor-widget-template\" data-id=\"cd675a0\" data-element_type=\"widget\" data-e-type=\"widget\" data-widget_type=\"template.default\">\n\t\t\t\t<div class=\"elementor-widget-container\">\n\t\t\t\t\t\t\t<div class=\"elementor-template\">\n\t\t\t\t\t<div data-elementor-type=\"container\" data-elementor-id=\"412\" class=\"elementor elementor-412\" data-elementor-post-type=\"elementor_library\">\n\t\t\t\t<div class=\"elementor-element elementor-element-d1af50a e-flex e-con-boxed e-con e-parent\" data-id=\"d1af50a\" data-element_type=\"container\" data-e-type=\"container\" data-settings=\"{&quot;background_background&quot;:&quot;classic&quot;}\">\n\t\t\t\t\t<div class=\"e-con-inner\">\n\t\t\t\t<div class=\"elementor-element elementor-element-37aed7cd elementor-widget__width-initial elementor-widget-mobile__width-inherit elementor-widget elementor-widget-heading\" data-id=\"37aed7cd\" data-element_type=\"widget\" data-e-type=\"widget\" data-widget_type=\"heading.default\">\n\t\t\t\t\t<h4 class=\"elementor-heading-title elementor-size-default\"><a href=\"https:\/\/www.niklasnoack.de\/en\/dr-med-niklas-noack\/#c148\">Memberships\n<\/a><\/h4>\t\t\t\t<\/div>\n\t\t\t\t<div class=\"elementor-element elementor-element-570c28d0 elementor-widget__width-initial elementor-widget elementor-widget-image\" data-id=\"570c28d0\" data-element_type=\"widget\" data-e-type=\"widget\" data-widget_type=\"image.default\">\n\t\t\t\t\t\t\t\t\t\t\t\t\t\t\t<img decoding=\"async\" width=\"80\" height=\"80\" src=\"https:\/\/www.niklasnoack.de\/wp-content\/uploads\/2025\/03\/logo-DGPRAEC.png\" class=\"attachment-large size-large wp-image-305\" alt=\"DGPRAEC logo\" \/>\t\t\t\t\t\t\t\t\t\t\t\t\t\t\t<\/div>\n\t\t\t\t<div class=\"elementor-element elementor-element-62ffd4e1 elementor-widget__width-initial elementor-widget elementor-widget-image\" data-id=\"62ffd4e1\" data-element_type=\"widget\" data-e-type=\"widget\" data-widget_type=\"image.default\">\n\t\t\t\t\t\t\t\t\t\t\t\t\t\t\t<img decoding=\"async\" width=\"114\" height=\"80\" src=\"https:\/\/www.niklasnoack.de\/wp-content\/uploads\/2025\/03\/logo-ISAPS-2017.png\" class=\"attachment-large size-large wp-image-304\" alt=\"Logo ISAPS\" \/>\t\t\t\t\t\t\t\t\t\t\t\t\t\t\t<\/div>\n\t\t\t\t<div class=\"elementor-element elementor-element-29e21f0d elementor-widget__width-initial elementor-widget elementor-widget-image\" data-id=\"29e21f0d\" data-element_type=\"widget\" data-e-type=\"widget\" data-widget_type=\"image.default\">\n\t\t\t\t\t\t\t\t\t\t\t\t\t\t\t<img loading=\"lazy\" decoding=\"async\" width=\"38\" height=\"80\" src=\"https:\/\/www.niklasnoack.de\/wp-content\/uploads\/2025\/03\/logo-interplast.png\" class=\"attachment-large size-large wp-image-303\" alt=\"Logo Interplast\" \/>\t\t\t\t\t\t\t\t\t\t\t\t\t\t\t<\/div>\n\t\t\t\t<div class=\"elementor-element elementor-element-f66c6a9 elementor-widget__width-initial elementor-widget elementor-widget-image\" data-id=\"f66c6a9\" data-element_type=\"widget\" data-e-type=\"widget\" data-widget_type=\"image.default\">\n\t\t\t\t\t\t\t\t\t\t\t\t\t\t\t<img loading=\"lazy\" decoding=\"async\" width=\"57\" height=\"80\" src=\"https:\/\/www.niklasnoack.de\/wp-content\/uploads\/2025\/03\/logo-dgv.png\" class=\"attachment-large size-large wp-image-302\" alt=\"DGV logo\" \/>\t\t\t\t\t\t\t\t\t\t\t\t\t\t\t<\/div>\n\t\t\t\t\t<\/div>\n\t\t\t\t<\/div>\n\t\t\t\t<\/div>\n\t\t\t\t<\/div>\n\t\t\t\t\t\t<\/div>\n\t\t\t\t<\/div>\n\t\t\t\t<\/div>\n\t\t\t\t<\/div>","protected":false},"excerpt":{"rendered":"<p>Narbenkorrektur Narben k\u00f6nnen auf unterschiedliche Art und Weise entstehen. Eine Standardbehandlung gibt es nicht, weswegen eine ausf\u00fchrliche Begutachtung der jeweiligen Narbe notwendig ist. Von speziellen Pflastern \u00fcber Injektion bestimmter Medikamente, Narbenmassagen bis hin zur operativen Narbenkorrektur reicht die Spanne der Therapieoptionen, die sorgf\u00e4ltig abgestimmt sein sollten. In einigen F\u00e4llen ersetzen die Krankenkassen die Kosten eines [&hellip;]<\/p>\n","protected":false},"author":2,"featured_media":0,"parent":1959,"menu_order":0,"comment_status":"closed","ping_status":"closed","template":"elementor_header_footer","meta":{"footnotes":""},"class_list":["post-1686","page","type-page","status-publish","hentry"],"_links":{"self":[{"href":"https:\/\/www.niklasnoack.de\/en\/wp-json\/wp\/v2\/pages\/1686","targetHints":{"allow":["GET"]}}],"collection":[{"href":"https:\/\/www.niklasnoack.de\/en\/wp-json\/wp\/v2\/pages"}],"about":[{"href":"https:\/\/www.niklasnoack.de\/en\/wp-json\/wp\/v2\/types\/page"}],"author":[{"embeddable":true,"href":"https:\/\/www.niklasnoack.de\/en\/wp-json\/wp\/v2\/users\/2"}],"replies":[{"embeddable":true,"href":"https:\/\/www.niklasnoack.de\/en\/wp-json\/wp\/v2\/comments?post=1686"}],"version-history":[{"count":0,"href":"https:\/\/www.niklasnoack.de\/en\/wp-json\/wp\/v2\/pages\/1686\/revisions"}],"up":[{"embeddable":true,"href":"https:\/\/www.niklasnoack.de\/en\/wp-json\/wp\/v2\/pages\/1959"}],"wp:attachment":[{"href":"https:\/\/www.niklasnoack.de\/en\/wp-json\/wp\/v2\/media?parent=1686"}],"curies":[{"name":"wp","href":"https:\/\/api.w.org\/{rel}","templated":true}]}}