{"id":1757,"date":"2025-03-18T13:08:54","date_gmt":"2025-03-18T12:08:54","guid":{"rendered":"https:\/\/www.niklasnoack.de\/?page_id=1757"},"modified":"2025-07-21T13:25:39","modified_gmt":"2025-07-21T11:25:39","slug":"coolsculpting","status":"publish","type":"page","link":"https:\/\/www.niklasnoack.de\/en\/treatment\/coolsculpting\/","title":{"rendered":"Coolsculpting\u00ae"},"content":{"rendered":"<div data-elementor-type=\"wp-page\" data-elementor-id=\"1757\" class=\"elementor elementor-1757\" data-elementor-post-type=\"page\">\n\t\t\t\t<div class=\"elementor-element elementor-element-0e01ec5 e-con-full e-flex e-con e-parent\" data-id=\"0e01ec5\" data-element_type=\"container\" data-e-type=\"container\">\n\t\t<div class=\"elementor-element elementor-element-9b97a26 e-con-full e-flex e-con e-child\" data-id=\"9b97a26\" data-element_type=\"container\" data-e-type=\"container\" data-settings=\"{&quot;background_background&quot;:&quot;classic&quot;}\">\n\t\t\t\t<div class=\"elementor-element elementor-element-dbbcd49 elementor-widget__width-initial elementor-widget elementor-widget-heading\" data-id=\"dbbcd49\" data-element_type=\"widget\" data-e-type=\"widget\" data-widget_type=\"heading.default\">\n\t\t\t\t\t<h2 class=\"elementor-heading-title elementor-size-default\"><span style=\"color:#A2B521\">Coolsculpting\u00ae<\/span><br>\nWishful thinking without surgery?\n<\/h2>\t\t\t\t<\/div>\n\t\t<div class=\"elementor-element elementor-element-9af837b e-con-full e-flex e-con e-child\" data-id=\"9af837b\" data-element_type=\"container\" data-e-type=\"container\">\n\t\t\t\t<div class=\"elementor-element elementor-element-dffd1f3 elementor-widget elementor-widget-button\" data-id=\"dffd1f3\" data-element_type=\"widget\" data-e-type=\"widget\" data-widget_type=\"button.default\">\n\t\t\t\t\t\t\t\t\t\t<a class=\"elementor-button elementor-button-link elementor-size-sm\" href=\"#c236\">\n\t\t\t\t\t\t<span class=\"elementor-button-content-wrapper\">\n\t\t\t\t\t\t\t\t\t<span class=\"elementor-button-text\">Learn more<\/span>\n\t\t\t\t\t<\/span>\n\t\t\t\t\t<\/a>\n\t\t\t\t\t\t\t\t<\/div>\n\t\t\t\t<\/div>\n\t\t\t\t<\/div>\n\t\t<div class=\"elementor-element elementor-element-e6271b4 e-con-full e-flex e-con e-child\" data-id=\"e6271b4\" data-element_type=\"container\" data-e-type=\"container\" data-settings=\"{&quot;background_background&quot;:&quot;classic&quot;}\">\n\t\t\t\t<\/div>\n\t\t\t\t<\/div>\n\t\t<div class=\"elementor-element elementor-element-4a2da59 e-flex e-con-boxed e-con e-parent\" data-id=\"4a2da59\" data-element_type=\"container\" data-e-type=\"container\" id=\"c236\">\n\t\t\t\t\t<div class=\"e-con-inner\">\n\t\t<div class=\"elementor-element elementor-element-48d78b0 e-con-full e-flex e-con e-child\" data-id=\"48d78b0\" data-element_type=\"container\" data-e-type=\"container\">\n\t\t\t\t<div class=\"elementor-element elementor-element-b0f3656 elementor-widget__width-initial elementor-widget elementor-widget-heading\" data-id=\"b0f3656\" data-element_type=\"widget\" data-e-type=\"widget\" data-widget_type=\"heading.default\">\n\t\t\t\t\t<h1 class=\"elementor-heading-title elementor-size-default\">CoolSculpting\u00ae (cryolipolysis)\n\n<\/h1>\t\t\t\t<\/div>\n\t\t<div class=\"elementor-element elementor-element-395cf16 e-con-full e-flex e-con e-child\" data-id=\"395cf16\" data-element_type=\"container\" data-e-type=\"container\">\n\t\t\t\t<div class=\"elementor-element elementor-element-2c829aa elementor-widget__width-initial elementor-widget-mobile__width-initial elementor-widget elementor-widget-heading\" data-id=\"2c829aa\" data-element_type=\"widget\" data-e-type=\"widget\" data-widget_type=\"heading.default\">\n\t\t\t\t\t<h3 class=\"elementor-heading-title elementor-size-default\">The advanced method for possible fat reduction<\/h3>\t\t\t\t<\/div>\n\t\t\t\t<div class=\"elementor-element elementor-element-7b5d851 elementor-widget-mobile__width-initial elementor-widget-divider--view-line elementor-widget elementor-widget-divider\" data-id=\"7b5d851\" data-element_type=\"widget\" data-e-type=\"widget\" data-widget_type=\"divider.default\">\n\t\t\t\t\t\t\t<div class=\"elementor-divider\">\n\t\t\t<span class=\"elementor-divider-separator\">\n\t\t\t\t\t\t<\/span>\n\t\t<\/div>\n\t\t\t\t\t\t<\/div>\n\t\t\t\t<\/div>\n\t\t\t\t<div class=\"elementor-element elementor-element-8f0b034 elementor-widget elementor-widget-text-editor\" data-id=\"8f0b034\" data-element_type=\"widget\" data-e-type=\"widget\" data-widget_type=\"text-editor.default\">\n\t\t\t\t\t\t\t\t\t<p>CoolSculpting\u00ae is probably one of the biggest innovations in recent years on the market of non-invasive devices with the aim of reducing small to moderate fat deposits (without surgery). The procedure was developed at Harvard University in the USA. More than 7 million CoolSculpting\u00ae applications have been performed worldwide.<\/p>\t\t\t\t\t\t\t\t<\/div>\n\t\t<div class=\"elementor-element elementor-element-80eb665 e-con-full e-flex e-con e-child\" data-id=\"80eb665\" data-element_type=\"container\" data-e-type=\"container\">\n\t\t<div class=\"elementor-element elementor-element-b7b568b e-con-full e-flex e-con e-child\" data-id=\"b7b568b\" data-element_type=\"container\" data-e-type=\"container\">\n\t\t\t\t<div class=\"elementor-element elementor-element-7a7b291 elementor-widget__width-initial elementor-widget elementor-widget-heading\" data-id=\"7a7b291\" data-element_type=\"widget\" data-e-type=\"widget\" data-widget_type=\"heading.default\">\n\t\t\t\t\t<h3 class=\"elementor-heading-title elementor-size-default\">Application without surgery<\/h3>\t\t\t\t<\/div>\n\t\t\t\t<div class=\"elementor-element elementor-element-5195e50 elementor-widget-mobile__width-initial elementor-widget-divider--view-line elementor-widget elementor-widget-divider\" data-id=\"5195e50\" data-element_type=\"widget\" data-e-type=\"widget\" data-widget_type=\"divider.default\">\n\t\t\t\t\t\t\t<div class=\"elementor-divider\">\n\t\t\t<span class=\"elementor-divider-separator\">\n\t\t\t\t\t\t<\/span>\n\t\t<\/div>\n\t\t\t\t\t\t<\/div>\n\t\t\t\t<\/div>\n\t\t<div class=\"elementor-element elementor-element-da11c38 e-con-full e-flex e-con e-child\" data-id=\"da11c38\" data-element_type=\"container\" data-e-type=\"container\">\n\t\t\t\t<div class=\"elementor-element elementor-element-e864cbf elementor-widget elementor-widget-text-editor\" data-id=\"e864cbf\" data-element_type=\"widget\" data-e-type=\"widget\" data-widget_type=\"text-editor.default\">\n\t\t\t\t\t\t\t\t\tThe human body stores fat in various places in the tissue. Depending on age, genetic predisposition or eating habits, these fat deposits are different for everyone. If they become too large, they can be tackled with a change in diet and exercise. You can try to reduce small to moderate but subjectively annoying fat deposits with CoolSculpting\u00ae. CoolSculpting\u00ae is aimed at reducing just such fat deposits. It is neither a weight loss system nor an alternative <a href=\"https:\/\/www.niklasnoack.de\/en\/treatment\/lower-body\/liposuction\/\">for liposuction<\/a>. CoolSculpting\u00ae is a non-surgical treatment based on the principle of cryolipolysis (kryos: Greek for cold, lipolysis: fat dissolution). This means: no anaesthetic and no hospital stay. The system was developed at the renowned Harvard University in Boston, USA. The procedure is now known as CoolSculpting\u00ae in the USA and has also been available in Germany for several years.\t\t\t\t\t\t\t\t<\/div>\n\t\t\t\t<\/div>\n\t\t\t\t<\/div>\n\t\t<div class=\"elementor-element elementor-element-cdd7ccf e-con-full e-flex e-con e-child\" data-id=\"cdd7ccf\" data-element_type=\"container\" data-e-type=\"container\">\n\t\t<div class=\"elementor-element elementor-element-8c26099 e-con-full e-flex e-con e-child\" data-id=\"8c26099\" data-element_type=\"container\" data-e-type=\"container\">\n\t\t\t\t<div class=\"elementor-element elementor-element-6f95545 elementor-widget__width-initial elementor-widget elementor-widget-heading\" data-id=\"6f95545\" data-element_type=\"widget\" data-e-type=\"widget\" data-widget_type=\"heading.default\">\n\t\t\t\t\t<h3 class=\"elementor-heading-title elementor-size-default\">Method + procedure<\/h3>\t\t\t\t<\/div>\n\t\t\t\t<div class=\"elementor-element elementor-element-5d54177 elementor-widget-mobile__width-initial elementor-widget-divider--view-line elementor-widget elementor-widget-divider\" data-id=\"5d54177\" data-element_type=\"widget\" data-e-type=\"widget\" data-widget_type=\"divider.default\">\n\t\t\t\t\t\t\t<div class=\"elementor-divider\">\n\t\t\t<span class=\"elementor-divider-separator\">\n\t\t\t\t\t\t<\/span>\n\t\t<\/div>\n\t\t\t\t\t\t<\/div>\n\t\t\t\t<\/div>\n\t\t<div class=\"elementor-element elementor-element-fe49079 e-con-full e-flex e-con e-child\" data-id=\"fe49079\" data-element_type=\"container\" data-e-type=\"container\">\n\t\t\t\t<div class=\"elementor-element elementor-element-9381126 elementor-widget elementor-widget-text-editor\" data-id=\"9381126\" data-element_type=\"widget\" data-e-type=\"widget\" data-widget_type=\"text-editor.default\">\n\t\t\t\t\t\t\t\t\t<p>The way it works is based on the realisation that fat cells can be damaged by cold. The CoolSculpting\u00ae procedure utilises the fact that fat cells can be damaged more quickly by cold than other tissue. The cold is applied to the body area to be treated using a vacuum applicator for 35-75 minutes (depending on the applicator). In successful cases, the thickness of the fatty tissue can be reduced step by step over one or more applications. No anaesthetic is required. The application is carried out without complications in our\u00a0<a href=\"https:\/\/www.niklasnoack.de\/en\/practice-contact\/\">Practice<\/a> performed. Changes in the tissue may become noticeable after 8 - 12 weeks.<\/p>\t\t\t\t\t\t\t\t<\/div>\n\t\t\t\t<\/div>\n\t\t\t\t<\/div>\n\t\t<div class=\"elementor-element elementor-element-eb24840 e-con-full e-flex e-con e-child\" data-id=\"eb24840\" data-element_type=\"container\" data-e-type=\"container\">\n\t\t<div class=\"elementor-element elementor-element-0cf5624 e-con-full e-flex e-con e-child\" data-id=\"0cf5624\" data-element_type=\"container\" data-e-type=\"container\">\n\t\t\t\t<div class=\"elementor-element elementor-element-a646f08 elementor-widget__width-initial elementor-widget elementor-widget-heading\" data-id=\"a646f08\" data-element_type=\"widget\" data-e-type=\"widget\" data-widget_type=\"heading.default\">\n\t\t\t\t\t<h3 class=\"elementor-heading-title elementor-size-default\">After the application<\/h3>\t\t\t\t<\/div>\n\t\t\t\t<div class=\"elementor-element elementor-element-1ac80f6 elementor-widget-mobile__width-initial elementor-widget-divider--view-line elementor-widget elementor-widget-divider\" data-id=\"1ac80f6\" data-element_type=\"widget\" data-e-type=\"widget\" data-widget_type=\"divider.default\">\n\t\t\t\t\t\t\t<div class=\"elementor-divider\">\n\t\t\t<span class=\"elementor-divider-separator\">\n\t\t\t\t\t\t<\/span>\n\t\t<\/div>\n\t\t\t\t\t\t<\/div>\n\t\t\t\t<\/div>\n\t\t<div class=\"elementor-element elementor-element-26c5653 e-con-full e-flex e-con e-child\" data-id=\"26c5653\" data-element_type=\"container\" data-e-type=\"container\">\n\t\t\t\t<div class=\"elementor-element elementor-element-08e2426 elementor-widget elementor-widget-text-editor\" data-id=\"08e2426\" data-element_type=\"widget\" data-e-type=\"widget\" data-widget_type=\"text-editor.default\">\n\t\t\t\t\t\t\t\t\t\n\nAnother advantage of CoolSculpting\u00ae is the simple aftercare: sport, work and all other activities can usually be resumed immediately. It is not necessary to wear compression garments.\n\n\t\t\t\t\t\t\t\t<\/div>\n\t\t\t\t<\/div>\n\t\t\t\t<\/div>\n\t\t<div class=\"elementor-element elementor-element-a8fe9c3 e-con-full e-flex e-con e-child\" data-id=\"a8fe9c3\" data-element_type=\"container\" data-e-type=\"container\">\n\t\t<div class=\"elementor-element elementor-element-3dbadef e-con-full e-flex e-con e-child\" data-id=\"3dbadef\" data-element_type=\"container\" data-e-type=\"container\">\n\t\t\t\t<div class=\"elementor-element elementor-element-11d4190 elementor-widget__width-initial elementor-widget elementor-widget-heading\" data-id=\"11d4190\" data-element_type=\"widget\" data-e-type=\"widget\" data-widget_type=\"heading.default\">\n\t\t\t\t\t<h3 class=\"elementor-heading-title elementor-size-default\">Only the original!<\/h3>\t\t\t\t<\/div>\n\t\t\t\t<div class=\"elementor-element elementor-element-1b6b686 elementor-widget-mobile__width-initial elementor-widget-divider--view-line elementor-widget elementor-widget-divider\" data-id=\"1b6b686\" data-element_type=\"widget\" data-e-type=\"widget\" data-widget_type=\"divider.default\">\n\t\t\t\t\t\t\t<div class=\"elementor-divider\">\n\t\t\t<span class=\"elementor-divider-separator\">\n\t\t\t\t\t\t<\/span>\n\t\t<\/div>\n\t\t\t\t\t\t<\/div>\n\t\t\t\t<\/div>\n\t\t<div class=\"elementor-element elementor-element-3a83be6 e-con-full e-flex e-con e-child\" data-id=\"3a83be6\" data-element_type=\"container\" data-e-type=\"container\">\n\t\t\t\t<div class=\"elementor-element elementor-element-d4253fe elementor-widget elementor-widget-text-editor\" data-id=\"d4253fe\" data-element_type=\"widget\" data-e-type=\"widget\" data-widget_type=\"text-editor.default\">\n\t\t\t\t\t\t\t\t\t\n\nOver 7 million CoolSculpting\u00ae treatments have now been carried out worldwide. Unfortunately, the system has now also found imitators of inferior quality. It is important for you as a customer to know that we use the original CoolSculpting\u00ae. CoolSculpting\u00ae is also the only system with a safety cold sensor that can prevent cold damage to the skin.\n\n\t\t\t\t\t\t\t\t<\/div>\n\t\t\t\t<\/div>\n\t\t\t\t<\/div>\n\t\t<div class=\"elementor-element elementor-element-f4afa08 e-con-full e-flex e-con e-child\" data-id=\"f4afa08\" data-element_type=\"container\" data-e-type=\"container\">\n\t\t<div class=\"elementor-element elementor-element-cce24ec e-con-full e-flex e-con e-child\" data-id=\"cce24ec\" data-element_type=\"container\" data-e-type=\"container\">\n\t\t\t\t<div class=\"elementor-element elementor-element-ee7d7ba elementor-widget-mobile__width-initial elementor-widget elementor-widget-heading\" data-id=\"ee7d7ba\" data-element_type=\"widget\" data-e-type=\"widget\" data-widget_type=\"heading.default\">\n\t\t\t\t\t<h3 class=\"elementor-heading-title elementor-size-default\">Areas of application<\/h3>\t\t\t\t<\/div>\n\t\t\t\t<div class=\"elementor-element elementor-element-53d496e elementor-widget-mobile__width-initial elementor-widget-divider--view-line elementor-widget elementor-widget-divider\" data-id=\"53d496e\" data-element_type=\"widget\" data-e-type=\"widget\" data-widget_type=\"divider.default\">\n\t\t\t\t\t\t\t<div class=\"elementor-divider\">\n\t\t\t<span class=\"elementor-divider-separator\">\n\t\t\t\t\t\t<\/span>\n\t\t<\/div>\n\t\t\t\t\t\t<\/div>\n\t\t\t\t<\/div>\n\t\t<div class=\"elementor-element elementor-element-4c6179e e-con-full e-flex e-con e-child\" data-id=\"4c6179e\" data-element_type=\"container\" data-e-type=\"container\">\n\t\t\t\t<div class=\"elementor-element elementor-element-b340c55 elementor-widget elementor-widget-text-editor\" data-id=\"b340c55\" data-element_type=\"widget\" data-e-type=\"widget\" data-widget_type=\"text-editor.default\">\n\t\t\t\t\t\t\t\t\t<p>CoolSculpting\u00ae has a very wide range of applications: in addition to the abdomen and hips, the back, riding breeches, inner thighs, knees, armpits, chin, upper arms and other areas can also be treated.<\/p>\t\t\t\t\t\t\t\t<\/div>\n\t\t\t\t<div class=\"elementor-element elementor-element-9bdb378 elementor-widget elementor-widget-text-editor\" data-id=\"9bdb378\" data-element_type=\"widget\" data-e-type=\"widget\" data-widget_type=\"text-editor.default\">\n\t\t\t\t\t\t\t\t\t\n\nWe are delighted to be one of the few practices in Berlin to be able to offer you this technical treatment innovation exclusively!\n\n\t\t\t\t\t\t\t\t<\/div>\n\t\t\t\t<div class=\"elementor-element elementor-element-9dfab30 elementor-widget elementor-widget-text-editor\" data-id=\"9dfab30\" data-element_type=\"widget\" data-e-type=\"widget\" data-widget_type=\"text-editor.default\">\n\t\t\t\t\t\t\t\t\t\n\nMore information:\u00a0<a href=\"https:\/\/www.coolsculpting.com\/\" target=\"_blank\" rel=\"noopener noreferrer\">www.coolsculpting.de,\u00a0<\/a><a href=\"http:\/\/www.fett-einfrieren.de\/\" target=\"_blank\" rel=\"noopener noreferrer\">www.fett-einfrieren.de<\/a>\n\n\t\t\t\t\t\t\t\t<\/div>\n\t\t\t\t<\/div>\n\t\t\t\t<\/div>\n\t\t\t\t<\/div>\n\t\t\t\t<div class=\"elementor-element elementor-element-b35a7bd elementor-widget elementor-widget-heading\" data-id=\"b35a7bd\" data-element_type=\"widget\" data-e-type=\"widget\" data-widget_type=\"heading.default\">\n\t\t\t\t\t<h2 class=\"elementor-heading-title elementor-size-default\">Podcast episode by Dr Niklas Noack on CoolSculpting\u00ae\n<\/h2>\t\t\t\t<\/div>\n\t\t\t\t<div class=\"elementor-element elementor-element-a3782a4 elementor-widget elementor-widget-html\" data-id=\"a3782a4\" data-element_type=\"widget\" data-e-type=\"widget\" data-widget_type=\"html.default\">\n\t\t\t\t\t <div class=\"brlbs-cmpnt-container brlbs-cmpnt-content-blocker brlbs-cmpnt-with-individual-styles\" data-borlabs-cookie-content-blocker-id=\"default\" data-borlabs-cookie-content=\"PGlmcmFtZSBzdHlsZT0iYm9yZGVyLXJhZGl1czoxMnB4IiANCnNyYz0iaHR0cHM6Ly9vcGVuLnNwb3RpZnkuY29tL2VtYmVkL2VwaXNvZGUvMm01Z0RyeHdZZ25pR29nSkROMkRCVT91dG1fc291cmNlPWdlbmVyYXRvciIgDQp3aWR0aD0iMTAwJSIgaGVpZ2h0PSIyMDAiIGZyYW1lQm9yZGVyPSIwIiANCmFsbG93ZnVsbHNjcmVlbj0iIiBhbGxvdz0iYXV0b3BsYXk7IGNsaXBib2FyZC13cml0ZTsgZW5jcnlwdGVkLW1lZGlhOyBmdWxsc2NyZWVuOyBwaWN0dXJlLWluLXBpY3R1cmUiPjwvaWZyYW1lPg==\"><div class=\"brlbs-cmpnt-cb-preset-a\"> <p class=\"brlbs-cmpnt-cb-description\">You are currently viewing a placeholder content from <strong>Default<\/strong>. To access the actual content, click the button below. Please note that doing so will share data with third-party providers.<\/p> <div class=\"brlbs-cmpnt-cb-buttons\"> <a class=\"brlbs-cmpnt-cb-btn\" href=\"#\" data-borlabs-cookie-unblock role=\"button\">Unblock content<\/a> <a class=\"brlbs-cmpnt-cb-btn\" href=\"#\" data-borlabs-cookie-accept-service role=\"button\" style=\"display: none\">Accept required service and unblock content<\/a> <\/div> <a class=\"brlbs-cmpnt-cb-provider-toggle\" href=\"#\" data-borlabs-cookie-show-provider-information role=\"button\">More Information<\/a> <\/div><\/div>\t\t\t\t<\/div>\n\t\t\t\t\t<\/div>\n\t\t\t\t<\/div>\n\t\t<div class=\"elementor-element elementor-element-0b27605 e-con-full e-flex e-con e-parent\" data-id=\"0b27605\" data-element_type=\"container\" data-e-type=\"container\">\n\t\t\t\t<div class=\"elementor-element elementor-element-eaaf4bf elementor-widget elementor-widget-template\" data-id=\"eaaf4bf\" data-element_type=\"widget\" data-e-type=\"widget\" data-widget_type=\"template.default\">\n\t\t\t\t<div class=\"elementor-widget-container\">\n\t\t\t\t\t\t\t<div class=\"elementor-template\">\n\t\t\t\t\t<div data-elementor-type=\"container\" data-elementor-id=\"409\" class=\"elementor elementor-409\" data-elementor-post-type=\"elementor_library\">\n\t\t\t\t<div class=\"elementor-element elementor-element-52b5a82 e-con-full e-flex e-con e-parent\" data-id=\"52b5a82\" data-element_type=\"container\" data-e-type=\"container\" data-settings=\"{&quot;background_background&quot;:&quot;classic&quot;,&quot;shape_divider_bottom&quot;:&quot;tilt&quot;}\">\n\t\t\t\t<div class=\"elementor-shape elementor-shape-bottom\" aria-hidden=\"true\" data-negative=\"false\">\n\t\t\t<svg xmlns=\"http:\/\/www.w3.org\/2000\/svg\" viewbox=\"0 0 1000 100\" preserveaspectratio=\"none\">\n\t<path class=\"elementor-shape-fill\" d=\"M0,6V0h1000v100L0,6z\"\/>\n<\/svg>\t\t<\/div>\n\t\t<div class=\"elementor-element elementor-element-2f8aafa e-con-full e-flex e-con e-child\" data-id=\"2f8aafa\" data-element_type=\"container\" data-e-type=\"container\">\n\t\t\t\t<div class=\"elementor-element elementor-element-34f4649 elementor-widget elementor-widget-heading\" data-id=\"34f4649\" data-element_type=\"widget\" data-e-type=\"widget\" data-widget_type=\"heading.default\">\n\t\t\t\t\t<h2 class=\"elementor-heading-title elementor-size-default\">Do you have any questions?<\/h2>\t\t\t\t<\/div>\n\t\t\t\t<div class=\"elementor-element elementor-element-925caf1 elementor-widget elementor-widget-heading\" data-id=\"925caf1\" data-element_type=\"widget\" data-e-type=\"widget\" data-widget_type=\"heading.default\">\n\t\t\t\t\t<p class=\"elementor-heading-title elementor-size-default\">I look forward to hearing from you.<\/p>\t\t\t\t<\/div>\n\t\t\t\t<\/div>\n\t\t<div class=\"elementor-element elementor-element-020a854 e-flex e-con-boxed e-con e-child\" data-id=\"020a854\" data-element_type=\"container\" data-e-type=\"container\">\n\t\t\t\t\t<div class=\"e-con-inner\">\n\t\t\t\t<div class=\"elementor-element elementor-element-fc409ad elementor-widget elementor-widget-button\" data-id=\"fc409ad\" data-element_type=\"widget\" data-e-type=\"widget\" data-widget_type=\"button.default\">\n\t\t\t\t\t\t\t\t\t\t<a class=\"elementor-button elementor-button-link elementor-size-sm\" href=\"tel:+493027875656\">\n\t\t\t\t\t\t<span class=\"elementor-button-content-wrapper\">\n\t\t\t\t\t\t\t\t\t<span class=\"elementor-button-text\">T. +49 (0)30 - 27 87 56 56<\/span>\n\t\t\t\t\t<\/span>\n\t\t\t\t\t<\/a>\n\t\t\t\t\t\t\t\t<\/div>\n\t\t\t\t<div class=\"elementor-element elementor-element-f730b41 elementor-widget elementor-widget-button\" data-id=\"f730b41\" data-element_type=\"widget\" data-e-type=\"widget\" data-widget_type=\"button.default\">\n\t\t\t\t\t\t\t\t\t\t<a class=\"elementor-button elementor-button-link elementor-size-sm\" href=\"https:\/\/www.niklasnoack.de\/en\/practice-contact\/#c111\">\n\t\t\t\t\t\t<span class=\"elementor-button-content-wrapper\">\n\t\t\t\t\t\t\t\t\t<span class=\"elementor-button-text\">Write a message<\/span>\n\t\t\t\t\t<\/span>\n\t\t\t\t\t<\/a>\n\t\t\t\t\t\t\t\t<\/div>\n\t\t\t\t\t<\/div>\n\t\t\t\t<\/div>\n\t\t\t\t<\/div>\n\t\t\t\t<\/div>\n\t\t\t\t<\/div>\n\t\t\t\t\t\t<\/div>\n\t\t\t\t<\/div>\n\t\t\t\t<div class=\"elementor-element elementor-element-ee2c8c1 elementor-widget elementor-widget-template\" data-id=\"ee2c8c1\" data-element_type=\"widget\" data-e-type=\"widget\" data-widget_type=\"template.default\">\n\t\t\t\t<div class=\"elementor-widget-container\">\n\t\t\t\t\t\t\t<div class=\"elementor-template\">\n\t\t\t\t\t<div data-elementor-type=\"container\" data-elementor-id=\"412\" class=\"elementor elementor-412\" data-elementor-post-type=\"elementor_library\">\n\t\t\t\t<div class=\"elementor-element elementor-element-d1af50a e-flex e-con-boxed e-con e-parent\" data-id=\"d1af50a\" data-element_type=\"container\" data-e-type=\"container\" data-settings=\"{&quot;background_background&quot;:&quot;classic&quot;}\">\n\t\t\t\t\t<div class=\"e-con-inner\">\n\t\t\t\t<div class=\"elementor-element elementor-element-37aed7cd elementor-widget__width-initial elementor-widget-mobile__width-inherit elementor-widget elementor-widget-heading\" data-id=\"37aed7cd\" data-element_type=\"widget\" data-e-type=\"widget\" data-widget_type=\"heading.default\">\n\t\t\t\t\t<h4 class=\"elementor-heading-title elementor-size-default\"><a href=\"https:\/\/www.niklasnoack.de\/en\/dr-med-niklas-noack\/#c148\">Memberships\n<\/a><\/h4>\t\t\t\t<\/div>\n\t\t\t\t<div class=\"elementor-element elementor-element-570c28d0 elementor-widget__width-initial elementor-widget elementor-widget-image\" data-id=\"570c28d0\" data-element_type=\"widget\" data-e-type=\"widget\" data-widget_type=\"image.default\">\n\t\t\t\t\t\t\t\t\t\t\t\t\t\t\t<img decoding=\"async\" width=\"80\" height=\"80\" src=\"https:\/\/www.niklasnoack.de\/wp-content\/uploads\/2025\/03\/logo-DGPRAEC.png\" class=\"attachment-large size-large wp-image-305\" alt=\"DGPRAEC logo\" \/>\t\t\t\t\t\t\t\t\t\t\t\t\t\t\t<\/div>\n\t\t\t\t<div class=\"elementor-element elementor-element-62ffd4e1 elementor-widget__width-initial elementor-widget elementor-widget-image\" data-id=\"62ffd4e1\" data-element_type=\"widget\" data-e-type=\"widget\" data-widget_type=\"image.default\">\n\t\t\t\t\t\t\t\t\t\t\t\t\t\t\t<img decoding=\"async\" width=\"114\" height=\"80\" src=\"https:\/\/www.niklasnoack.de\/wp-content\/uploads\/2025\/03\/logo-ISAPS-2017.png\" class=\"attachment-large size-large wp-image-304\" alt=\"Logo ISAPS\" \/>\t\t\t\t\t\t\t\t\t\t\t\t\t\t\t<\/div>\n\t\t\t\t<div class=\"elementor-element elementor-element-29e21f0d elementor-widget__width-initial elementor-widget elementor-widget-image\" data-id=\"29e21f0d\" data-element_type=\"widget\" data-e-type=\"widget\" data-widget_type=\"image.default\">\n\t\t\t\t\t\t\t\t\t\t\t\t\t\t\t<img decoding=\"async\" width=\"38\" height=\"80\" src=\"https:\/\/www.niklasnoack.de\/wp-content\/uploads\/2025\/03\/logo-interplast.png\" class=\"attachment-large size-large wp-image-303\" alt=\"Logo Interplast\" \/>\t\t\t\t\t\t\t\t\t\t\t\t\t\t\t<\/div>\n\t\t\t\t<div class=\"elementor-element elementor-element-f66c6a9 elementor-widget__width-initial elementor-widget elementor-widget-image\" data-id=\"f66c6a9\" data-element_type=\"widget\" data-e-type=\"widget\" data-widget_type=\"image.default\">\n\t\t\t\t\t\t\t\t\t\t\t\t\t\t\t<img loading=\"lazy\" decoding=\"async\" width=\"57\" height=\"80\" src=\"https:\/\/www.niklasnoack.de\/wp-content\/uploads\/2025\/03\/logo-dgv.png\" class=\"attachment-large size-large wp-image-302\" alt=\"DGV logo\" \/>\t\t\t\t\t\t\t\t\t\t\t\t\t\t\t<\/div>\n\t\t\t\t\t<\/div>\n\t\t\t\t<\/div>\n\t\t\t\t<\/div>\n\t\t\t\t<\/div>\n\t\t\t\t\t\t<\/div>\n\t\t\t\t<\/div>\n\t\t\t\t<\/div>\n\t\t\t\t<\/div>","protected":false},"excerpt":{"rendered":"<p>Coolsculpting\u00ae Wunschfigur ganz ohne OP? Mehr erfahren CoolSculpting\u00ae (Kryolipolyse) Die fortschrittliche Methode zur m\u00f6glichen Fettreduktion CoolSculpting\u00ae ist vermutlich eine der gr\u00f6\u00dften Innovationen der letzten Jahre auf dem Markt der nicht-invasiven Ger\u00e4te mit dem Ziel, kleine bis moderate Fettansammlungen zu reduzieren (ohne Operation). Das Verfahren wurde an der Harvard Universit\u00e4t in den USA entwickelt. Weltweit wurden [&hellip;]<\/p>\n","protected":false},"author":2,"featured_media":0,"parent":383,"menu_order":0,"comment_status":"closed","ping_status":"closed","template":"elementor_header_footer","meta":{"footnotes":""},"class_list":["post-1757","page","type-page","status-publish","hentry"],"_links":{"self":[{"href":"https:\/\/www.niklasnoack.de\/en\/wp-json\/wp\/v2\/pages\/1757","targetHints":{"allow":["GET"]}}],"collection":[{"href":"https:\/\/www.niklasnoack.de\/en\/wp-json\/wp\/v2\/pages"}],"about":[{"href":"https:\/\/www.niklasnoack.de\/en\/wp-json\/wp\/v2\/types\/page"}],"author":[{"embeddable":true,"href":"https:\/\/www.niklasnoack.de\/en\/wp-json\/wp\/v2\/users\/2"}],"replies":[{"embeddable":true,"href":"https:\/\/www.niklasnoack.de\/en\/wp-json\/wp\/v2\/comments?post=1757"}],"version-history":[{"count":0,"href":"https:\/\/www.niklasnoack.de\/en\/wp-json\/wp\/v2\/pages\/1757\/revisions"}],"up":[{"embeddable":true,"href":"https:\/\/www.niklasnoack.de\/en\/wp-json\/wp\/v2\/pages\/383"}],"wp:attachment":[{"href":"https:\/\/www.niklasnoack.de\/en\/wp-json\/wp\/v2\/media?parent=1757"}],"curies":[{"name":"wp","href":"https:\/\/api.w.org\/{rel}","templated":true}]}}